{"id":36,"date":"2015-06-18T13:51:54","date_gmt":"2015-06-18T13:51:54","guid":{"rendered":"http:\/\/chroniques.uqam.ca\/?page_id=36"},"modified":"2017-08-25T13:49:16","modified_gmt":"2017-08-25T13:49:16","slug":"orientations","status":"publish","type":"page","link":"https:\/\/jfmaheux.uqam.ca\/chroniques\/fr\/orientations\/","title":{"rendered":"Orientations"},"content":{"rendered":"<p>Revue bilingue (anglais\/fran\u00e7ais),\u00a0 <b>CHRONIQUES<\/b> s&rsquo;int\u00e9resse \u00e0 toutes r\u00e9flexions en lien avec les questions \u00e9pist\u00e9mologiques reli\u00e9es \u00e0 l&rsquo;activit\u00e9 math\u00e9matique, que ce soit dans le contexte scolaire (enseignement, apprentissage), professionnel (diff\u00e9rents m\u00e9tiers, incluant celui de math\u00e9maticien), quotidien, artistique&#8230; ou autre. Le journal publie des textes dans trois cat\u00e9gories:<\/p>\n<ul>\n<li style=\"margin-bottom: 1.5em;\">La section <b>ARTICLES<\/b> pr\u00e9sente des textes de recherche.<\/li>\n<li style=\"margin-bottom: 1.5em;\">La section <b>POSITIONS<\/b> propose des r\u00e9flexions plus ouvertes sur la forme et le fond. Les \u00e9crits d&rsquo;\u00e9tudiants y sont particuli\u00e8rement bienvenus<\/li>\n<li style=\"margin-bottom: 1.5em;\">La section <b>R\u00c9ACTIONS<\/b> contient des commentaires ou r\u00e9ponses en lien avec les textes publi\u00e9s dans les sections pr\u00e9c\u00e9dentes. On peut en tout temps proposer une r\u00e9action sur un texte.<\/li>\n<\/ul>\n<p>Tous les propositions sont r\u00e9vis\u00e9s par le comit\u00e9 \u00e9ditorial de la revue. Ceux-ci sont soit le r\u00e9sultat d&rsquo;invitations de la part des \u00e9diteurs ou sont soumis suivant le processus d\u00e9crit dans la section <i>Auteurs<\/i>. Contrairement \u00e0 la plupart des journaux, <b>CHRONIQUES<\/b> ne publie pas en suivant un calendrier pr\u00e9cis. Les textes soumis sont rendus accessibles au fil de leur acceptation, sauf dans le cas d&rsquo;un num\u00e9ro sp\u00e9cial.<\/p>\n<p><b>CHRONIQUES<\/b> peut \u00eatre consult\u00e9 librement : Il suffit de compl\u00e9ter le <a href=\"\/wp-login.php?action=register\">formulaire d&rsquo;abonnement<\/a> pour recevoir un code d&rsquo;acc\u00e8s via email. L&rsquo;abonnement permet \u00e9galement d&rsquo;\u00eatre inform\u00e9 de mani\u00e8re r\u00e9guli\u00e8re (au choix: 2, 3, ou 4 fois par ann\u00e9e) des nouveaut\u00e9s.<\/p>\n<p><b>CHRONIQUES<\/b> est publi\u00e9 par le <i>Laboratoire \u00c9pist\u00e9mologie et Activit\u00e9 Math\u00e9matique : <\/i><a href=\"http:\/\/www.epistemo.math.uqam.ca\">www.epistemo.math.uqam.ca<\/a><\/p>\n","protected":false},"excerpt":{"rendered":"<p>Revue bilingue (anglais\/fran\u00e7ais),\u00a0 CHRONIQUES s&rsquo;int\u00e9resse \u00e0 toutes r\u00e9flexions en lien avec les questions \u00e9pist\u00e9mologiques reli\u00e9es \u00e0 l&rsquo;activit\u00e9 math\u00e9matique, que ce soit dans le contexte scolaire (enseignement, apprentissage), professionnel (diff\u00e9rents m\u00e9tiers, incluant celui de math\u00e9maticien), quotidien, artistique&#8230; ou autre. Le journal publie des textes dans trois cat\u00e9gories: La section ARTICLES pr\u00e9sente des textes de recherche. La [&hellip;]<\/p>\n","protected":false},"author":1,"featured_media":0,"parent":0,"menu_order":0,"comment_status":"open","ping_status":"open","template":"","meta":{"_acf_changed":false,"footnotes":""},"class_list":["post-36","page","type-page","status-publish","hentry"],"translation":{"provider":"WPGlobus","version":"3.0.2","language":"fr","enabled_languages":["en","fr"],"languages":{"en":{"title":true,"content":true,"excerpt":false},"fr":{"title":true,"content":true,"excerpt":false}}},"acf":[],"_links":{"self":[{"href":"https:\/\/jfmaheux.uqam.ca\/chroniques\/fr\/wp-json\/wp\/v2\/pages\/36","targetHints":{"allow":["GET"]}}],"collection":[{"href":"https:\/\/jfmaheux.uqam.ca\/chroniques\/fr\/wp-json\/wp\/v2\/pages"}],"about":[{"href":"https:\/\/jfmaheux.uqam.ca\/chroniques\/fr\/wp-json\/wp\/v2\/types\/page"}],"author":[{"embeddable":true,"href":"https:\/\/jfmaheux.uqam.ca\/chroniques\/fr\/wp-json\/wp\/v2\/users\/1"}],"replies":[{"embeddable":true,"href":"https:\/\/jfmaheux.uqam.ca\/chroniques\/fr\/wp-json\/wp\/v2\/comments?post=36"}],"version-history":[{"count":28,"href":"https:\/\/jfmaheux.uqam.ca\/chroniques\/fr\/wp-json\/wp\/v2\/pages\/36\/revisions"}],"predecessor-version":[{"id":487,"href":"https:\/\/jfmaheux.uqam.ca\/chroniques\/fr\/wp-json\/wp\/v2\/pages\/36\/revisions\/487"}],"wp:attachment":[{"href":"https:\/\/jfmaheux.uqam.ca\/chroniques\/fr\/wp-json\/wp\/v2\/media?parent=36"}],"curies":[{"name":"wp","href":"https:\/\/api.w.org\/{rel}","templated":true}]}}