{"id":61,"date":"2015-06-28T18:28:16","date_gmt":"2015-06-28T18:28:16","guid":{"rendered":"http:\/\/chroniques.uqam.ca\/?page_id=61"},"modified":"2021-10-15T14:21:15","modified_gmt":"2021-10-15T14:21:15","slug":"auteur","status":"publish","type":"page","link":"https:\/\/jfmaheux.uqam.ca\/chroniques\/fr\/auteur\/","title":{"rendered":"Auteurs"},"content":{"rendered":"<p><b>CHRONIQUES<\/b> re\u00e7oit en continu des textes pour ses sections, lesquels sont publi\u00e9s au fil de leur acceptation par le comit\u00e9 \u00e9ditorial.<\/p>\n<h3>Processus<\/h3>\n<p>Le processus d&rsquo;\u00e9valuation est simple : lors de la r\u00e9ception, une premi\u00e8re \u00e9valuation rapide (nomm\u00e9e \u00ab premi\u00e8re lecture \u00bb, environ 2 semaines) sert \u00e0 d\u00e9terminer si le texte semble appropri\u00e9 pour la revue et la section vis\u00e9e, ce dont les auteurs sont imm\u00e9diatement inform\u00e9s.<br \/>\nPar la suite, un des \u00e9diteurs prends alors en charge le texte pour en faire une r\u00e9vision plus d\u00e9taill\u00e9e. Des r\u00e9visions majeures ou mineures peuvent \u00eatre soumises aux auteurs jusqu&rsquo;\u00e0 l&rsquo;obtention d&rsquo;un texte acceptable. Les \u00e9diteurs de la revue travaillent en collaboration avec les auteurs, dans une intention de rehausser le contenu scientifique des articles et surtout de rendre les articles ad\u00e9quats et pertinents pour l&rsquo;orientation de la revue, soit l&rsquo;\u00e9pist\u00e9mologie et l&rsquo;activit\u00e9 math\u00e9matique.<\/p>\n<p>Les propositions doivent respecter les crit\u00e8res suivants pour chacune des cat\u00e9gories :<\/p>\n<ul>\n<li>ARTICLES: Textes de recherche.<\/li>\n<li>R\u00c9FLEXIONS: Travaux de nature et de format plus divers : les \u00e9crits d&rsquo;\u00e9tudiants y sont particuli\u00e8rement bienvenus.<\/li>\n<li>R\u00c9ACTIONS: Commentaires ou r\u00e9ponses \u00e0 des textes des deux autres cat\u00e9gories. Les R\u00e9actions sont bienenues en tout temps.<\/li>\n<\/ul>\n<p>Il n&rsquo;y a pas de longueur maximale ou minimale pr\u00e9fix\u00e9es pour les textes. Il est possible d&rsquo;inclure des images, des diagrammes, et m\u00eame des extraits vid\u00e9os et autres \u00e0 condition d&rsquo;avoir les autorisations n\u00e9cessaires (\u00e0 la charge des auteurs).<\/p>\n<p>Les citations suivent le mod\u00e8le APA et les textes doivent \u00eatre soumis au format \u00ab.doc\u00bb ou \u00ab.docx\u00bb\u00a0suivant le mod\u00e8le propos\u00e9 ici: <a href=\"http:\/\/chroniques.uqam.ca\/wp-content\/uploads\/2015\/06\/template.doc\">Modele.doc<\/a>.<\/p>\n<p>Le formatage final des textes est pris en charge par la revue.<\/p>\n","protected":false},"excerpt":{"rendered":"<p>CHRONIQUES re\u00e7oit en continu des textes pour ses sections, lesquels sont publi\u00e9s au fil de leur acceptation par le comit\u00e9 \u00e9ditorial. Processus Le processus d&rsquo;\u00e9valuation est simple : lors de la r\u00e9ception, une premi\u00e8re \u00e9valuation rapide (nomm\u00e9e \u00ab premi\u00e8re lecture \u00bb, environ 2 semaines) sert \u00e0 d\u00e9terminer si le texte semble appropri\u00e9 pour la revue [&hellip;]<\/p>\n","protected":false},"author":1,"featured_media":0,"parent":0,"menu_order":0,"comment_status":"closed","ping_status":"open","template":"","meta":{"_acf_changed":false,"footnotes":""},"class_list":["post-61","page","type-page","status-publish","hentry"],"translation":{"provider":"WPGlobus","version":"3.0.2","language":"fr","enabled_languages":["en","fr"],"languages":{"en":{"title":true,"content":true,"excerpt":false},"fr":{"title":true,"content":true,"excerpt":false}}},"acf":[],"_links":{"self":[{"href":"https:\/\/jfmaheux.uqam.ca\/chroniques\/fr\/wp-json\/wp\/v2\/pages\/61","targetHints":{"allow":["GET"]}}],"collection":[{"href":"https:\/\/jfmaheux.uqam.ca\/chroniques\/fr\/wp-json\/wp\/v2\/pages"}],"about":[{"href":"https:\/\/jfmaheux.uqam.ca\/chroniques\/fr\/wp-json\/wp\/v2\/types\/page"}],"author":[{"embeddable":true,"href":"https:\/\/jfmaheux.uqam.ca\/chroniques\/fr\/wp-json\/wp\/v2\/users\/1"}],"replies":[{"embeddable":true,"href":"https:\/\/jfmaheux.uqam.ca\/chroniques\/fr\/wp-json\/wp\/v2\/comments?post=61"}],"version-history":[{"count":16,"href":"https:\/\/jfmaheux.uqam.ca\/chroniques\/fr\/wp-json\/wp\/v2\/pages\/61\/revisions"}],"predecessor-version":[{"id":744,"href":"https:\/\/jfmaheux.uqam.ca\/chroniques\/fr\/wp-json\/wp\/v2\/pages\/61\/revisions\/744"}],"wp:attachment":[{"href":"https:\/\/jfmaheux.uqam.ca\/chroniques\/fr\/wp-json\/wp\/v2\/media?parent=61"}],"curies":[{"name":"wp","href":"https:\/\/api.w.org\/{rel}","templated":true}]}}