{"id":660,"date":"2021-05-12T03:24:16","date_gmt":"2021-05-12T03:24:16","guid":{"rendered":"https:\/\/jfmaheux.uqam.ca\/chroniques\/?page_id=660"},"modified":"2024-04-10T19:33:16","modified_gmt":"2024-04-10T19:33:16","slug":"accueil","status":"publish","type":"page","link":"https:\/\/jfmaheux.uqam.ca\/chroniques\/fr\/","title":{"rendered":"Accueil"},"content":{"rendered":"\n<div id=\"MainBox\">\n<p style=\"text-align: center; border: solid;\">En raison de probl\u00e8mes techniques, le site est pr\u00e9sentement en reconstruction, d\u00e9sol\u00e9.<br \/>\nPour le moment, les textes sont directement accessibles ici: <a href=\"..\/textes.html\">Textes par ann\u00e9e<\/a>.<br \/>\nSi vous cherchez quelque chose, simplement nous \u00e9crire \u00e0 <a href=\"mailto:leam@uqam.ca\">leam@uqam.ca<\/a>. Merci de votre patience!<\/p>\n<h1 style=\"text-align: center;\">Articles r\u00e9cents<\/h1>\n\n<style>\nloom4 {line-height: normal;}\n\n\/* links *\/\na:link {    color: #000000; }\na:visited { color: #000000; }\na:hover {   color: #000099; }\na:active {  color: #0000FF; }\n\nli {list-style-type:none; }\n\t\n<\/style>\n\n\n<loop2>J\u00e9rome Proulx<\/loop2>\n\n<br>\n\n<li>\n<a href=\"https:\/\/jfmaheux.uqam.ca\/chroniques\/fr\/2022\/05\/31\/threekinds\/\" style=\"text-decoration: none\">\n<loop1>\n\tOn three kinds of mathematical activities, and what this means for schooling<\/loop1>\n<\/a>\n<\/li>\n\t\n\n\n<br>\n\n<style>\nloom4 {line-height: normal;}\n\n\/* links *\/\na:link {    color: #000000; }\na:visited { color: #000000; }\na:hover {   color: #000099; }\na:active {  color: #0000FF; }\n\nli {list-style-type:none; }\n\t\n<\/style>\n\n\n<loop2>Charlotte M\u00e9grour\u00e8che<\/loop2>\n\n<br>\n\n<li>\n<a href=\"https:\/\/jfmaheux.uqam.ca\/chroniques\/fr\/2022\/05\/30\/contributions\/\" style=\"text-decoration: none\">\n<loop1>\n\tContributions math\u00e9matiques en didactique des math\u00e9matiques<\/loop1>\n<\/a>\n<\/li>\n\t\n\n\n<br>\n\n<style>\nloom4 {line-height: normal;}\n\n\/* links *\/\na:link {    color: #000000; }\na:visited { color: #000000; }\na:hover {   color: #000099; }\na:active {  color: #0000FF; }\n\nli {list-style-type:none; }\n\t\n<\/style>\n\n\n<loop2>Jean-Francois Maheux<\/loop2>\n\n<br>\n\n<li>\n<a href=\"https:\/\/jfmaheux.uqam.ca\/chroniques\/fr\/2022\/05\/29\/historypossibilities\/\" style=\"text-decoration: none\">\n<loop1>\n\tOn possibilities of mathematical activities from the history of mathematics<\/loop1>\n<\/a>\n<\/li>\n\t\n\n\n<br>\n\n<hr \/>\n<h1 style=\"text-align: center;\">R\u00e9flexions r\u00e9centes<\/h1>\n\n<style>\nloom4 {line-height: normal;}\n\n\/* links *\/\na:link {    color: #000000; }\na:visited { color: #000000; }\na:hover {   color: #000099; }\na:active {  color: #0000FF; }\n\nli {list-style-type:none; }\n\t\n<\/style>\n\n\n<loop2>J\u00e9r\u00f4me Proulx<\/loop2>\n\n<br>\n\n<li>\n<a href=\"https:\/\/jfmaheux.uqam.ca\/chroniques\/fr\/2019\/07\/03\/donneesprobantesdidactique\/\" style=\"text-decoration: none\">\n<loop1>\n\tLes donn\u00e9es probantes et un point de vue de didactique des math\u00e9matiques<\/loop1>\n<\/a>\n<\/li>\n\t\n\n\n<br>\n\n<style>\nloom4 {line-height: normal;}\n\n\/* links *\/\na:link {    color: #000000; }\na:visited { color: #000000; }\na:hover {   color: #000099; }\na:active {  color: #0000FF; }\n\nli {list-style-type:none; }\n\t\n<\/style>\n\n\n<loop2>Jean-Fran\u00e7ois Maheux<\/loop2>\n\n<br>\n\n<li>\n<a href=\"https:\/\/jfmaheux.uqam.ca\/chroniques\/fr\/2017\/08\/25\/3principesneuro\/\" style=\"text-decoration: none\">\n<loop1>\n\tTrois principes (\u00e0 se rappeler) de la Neurodidactique<\/loop1>\n<\/a>\n<\/li>\n\t\n\n\n<br>\n\n<style>\nloom4 {line-height: normal;}\n\n\/* links *\/\na:link {    color: #000000; }\na:visited { color: #000000; }\na:hover {   color: #000099; }\na:active {  color: #0000FF; }\n\nli {list-style-type:none; }\n\t\n<\/style>\n\n\n<loop2>J\u00e9rome Proulx<\/loop2>\n\n<br>\n\n<li>\n<a href=\"https:\/\/jfmaheux.uqam.ca\/chroniques\/fr\/2017\/06\/20\/didepistemo\/\" style=\"text-decoration: none\">\n<loop1>\n\tLe didacticien des math\u00e9matiques comme \u00e9pist\u00e9mologue<\/loop1>\n<\/a>\n<\/li>\n\t\n\n\n<br>\n\n<\/div>\n<hr \/>\n<p><small>Liens pour tous les textes en <a href=\"https:www.chroniques\/all-en\/\">anglais<\/a> ou en <a href=\"https:www.chroniques\/all-fr\/\">fran\u00e7ais<\/a><\/small><\/p>\n","protected":false},"excerpt":{"rendered":"<p>En raison de probl\u00e8mes techniques, le site est pr\u00e9sentement en reconstruction, d\u00e9sol\u00e9. Pour le moment, les textes sont directement accessibles ici: Textes par ann\u00e9e. Si vous cherchez quelque chose, simplement nous \u00e9crire \u00e0 leam@uqam.ca. Merci de votre patience! Articles r\u00e9cents R\u00e9flexions r\u00e9centes Liens pour tous les textes en anglais ou en fran\u00e7ais<\/p>\n","protected":false},"author":1,"featured_media":0,"parent":0,"menu_order":0,"comment_status":"closed","ping_status":"closed","template":"","meta":{"_acf_changed":false,"footnotes":""},"class_list":["post-660","page","type-page","status-publish","hentry"],"translation":{"provider":"WPGlobus","version":"3.0.2","language":"fr","enabled_languages":["en","fr"],"languages":{"en":{"title":true,"content":true,"excerpt":false},"fr":{"title":true,"content":true,"excerpt":false}}},"acf":[],"_links":{"self":[{"href":"https:\/\/jfmaheux.uqam.ca\/chroniques\/fr\/wp-json\/wp\/v2\/pages\/660","targetHints":{"allow":["GET"]}}],"collection":[{"href":"https:\/\/jfmaheux.uqam.ca\/chroniques\/fr\/wp-json\/wp\/v2\/pages"}],"about":[{"href":"https:\/\/jfmaheux.uqam.ca\/chroniques\/fr\/wp-json\/wp\/v2\/types\/page"}],"author":[{"embeddable":true,"href":"https:\/\/jfmaheux.uqam.ca\/chroniques\/fr\/wp-json\/wp\/v2\/users\/1"}],"replies":[{"embeddable":true,"href":"https:\/\/jfmaheux.uqam.ca\/chroniques\/fr\/wp-json\/wp\/v2\/comments?post=660"}],"version-history":[{"count":36,"href":"https:\/\/jfmaheux.uqam.ca\/chroniques\/fr\/wp-json\/wp\/v2\/pages\/660\/revisions"}],"predecessor-version":[{"id":922,"href":"https:\/\/jfmaheux.uqam.ca\/chroniques\/fr\/wp-json\/wp\/v2\/pages\/660\/revisions\/922"}],"wp:attachment":[{"href":"https:\/\/jfmaheux.uqam.ca\/chroniques\/fr\/wp-json\/wp\/v2\/media?parent=660"}],"curies":[{"name":"wp","href":"https:\/\/api.w.org\/{rel}","templated":true}]}}