{"id":36,"date":"2015-06-18T13:51:54","date_gmt":"2015-06-18T13:51:54","guid":{"rendered":"http:\/\/chroniques.uqam.ca\/?page_id=36"},"modified":"2017-08-25T13:49:16","modified_gmt":"2017-08-25T13:49:16","slug":"orientations","status":"publish","type":"page","link":"https:\/\/jfmaheux.uqam.ca\/chroniques\/orientations\/","title":{"rendered":"Orientations"},"content":{"rendered":"<\/p>\n<p><b>CHRONIQUES<\/b> is a bilingual (English \/ French) journal interested in all ideas related to epistemological questions around mathematical activity, whether in the school context (education, learning), at the professional level (various professions, including that of mathematician), in the daily or the artistic settings&#8230; and more. The journal publishes articles in three categories:<\/p>\n<ul>\n<li style=\"margin-bottom: 1.5em;\">Scholarly research ARTICLES<\/li>\n<li style=\"margin-bottom: 1.5em;\">More open POSITIONS texts of various format or nature in relation with the journal orientation (students\u2019 writing are particularly welcomed in this section)<\/li>\n<li style=\"margin-bottom: 1.5em;\">REACTIONS pieces commenting or responding to texts in the other sections. Reactions are welcomed at any time.<\/li>\n<\/ul>\n<p>Contrary to most other journals, <b>CHRONIQUES<\/b> continuously published texts as soon as they are accepted by the editorial committee.<\/p>\n<p><b>CHRONIQUES<\/b> is a free open access journal: Simply complete the <a href=\"http:\/\/chroniques.uqam.ca\/wp-login.php?action=register\">subscription form<\/a> to receive an access code via email. The subscription also allows readers to be informed of our new publications on a regular basis (choice of 2, 3, or 4 times per year).<\/p>\n<p><b>CHRONIQUES<\/b> is published by the <a href=\"http:\/\/www.epistemo.math.uqam.ca\">Laboratoire \u00c9pist\u00e9mologie et Activit\u00e9 Math\u00e9matique<\/a> (<a href=\"http:\/\/www.epistemo.math.uqam.ca\">www.epistemo.math.uqam.ca<\/a>)<\/p>\n<p>\n","protected":false},"excerpt":{"rendered":"<p>CHRONIQUES is a bilingual (English \/ French) journal interested in all ideas related to epistemological questions around mathematical activity, whether in the school context (education, learning), at the professional level (various professions, including that of mathematician), in the daily or the artistic settings&#8230; and more. The journal publishes articles in three categories: Scholarly research ARTICLES [&hellip;]<\/p>\n","protected":false},"author":1,"featured_media":0,"parent":0,"menu_order":0,"comment_status":"open","ping_status":"open","template":"","meta":{"_acf_changed":false,"footnotes":""},"class_list":["post-36","page","type-page","status-publish","hentry"],"translation":{"provider":"WPGlobus","version":"3.0.2","language":"en","enabled_languages":["en","fr"],"languages":{"en":{"title":true,"content":true,"excerpt":false},"fr":{"title":true,"content":true,"excerpt":false}}},"acf":[],"_links":{"self":[{"href":"https:\/\/jfmaheux.uqam.ca\/chroniques\/wp-json\/wp\/v2\/pages\/36","targetHints":{"allow":["GET"]}}],"collection":[{"href":"https:\/\/jfmaheux.uqam.ca\/chroniques\/wp-json\/wp\/v2\/pages"}],"about":[{"href":"https:\/\/jfmaheux.uqam.ca\/chroniques\/wp-json\/wp\/v2\/types\/page"}],"author":[{"embeddable":true,"href":"https:\/\/jfmaheux.uqam.ca\/chroniques\/wp-json\/wp\/v2\/users\/1"}],"replies":[{"embeddable":true,"href":"https:\/\/jfmaheux.uqam.ca\/chroniques\/wp-json\/wp\/v2\/comments?post=36"}],"version-history":[{"count":28,"href":"https:\/\/jfmaheux.uqam.ca\/chroniques\/wp-json\/wp\/v2\/pages\/36\/revisions"}],"predecessor-version":[{"id":487,"href":"https:\/\/jfmaheux.uqam.ca\/chroniques\/wp-json\/wp\/v2\/pages\/36\/revisions\/487"}],"wp:attachment":[{"href":"https:\/\/jfmaheux.uqam.ca\/chroniques\/wp-json\/wp\/v2\/media?parent=36"}],"curies":[{"name":"wp","href":"https:\/\/api.w.org\/{rel}","templated":true}]}}