{"id":780,"date":"2021-10-15T14:50:37","date_gmt":"2021-10-15T14:50:37","guid":{"rendered":"https:\/\/jfmaheux.uqam.ca\/chroniques\/?page_id=780"},"modified":"2022-05-31T19:06:14","modified_gmt":"2022-05-31T19:06:14","slug":"all-fr","status":"publish","type":"page","link":"https:\/\/jfmaheux.uqam.ca\/chroniques\/all-fr\/","title":{"rendered":"All papers in French"},"content":{"rendered":"<p>Here are link to all the papers in French:<\/p>\n\n<style>\nloom4 {line-height: normal;}\n\n\/* links *\/\na:link {    color: #000000; }\na:visited { color: #000000; }\na:hover {   color: #000099; }\na:active {  color: #0000FF; }\n\nli {list-style-type:none; }\n\t\n<\/style>\n\n\n<loop2>Charlotte M\u00e9grour\u00e8che\t(2022).\n\t \n<\/loop2>\n\n<br>\n\n<li>\n<a href=\"https:\/\/jfmaheux.uqam.ca\/chroniques\/2022\/05\/30\/contributions\/\" style=\"text-decoration: none\">\n<loop1>\n\tContributions math\u00e9matiques en didactique des math\u00e9matiques<\/loop1>\n<\/li>\n\t\n\n\t\n<loop3>\n<\/loop3>\n \n\n\n<!--\n<br>\n<loop3>\n\t2022 \n\t<br>\n\t<i>section :\n\t Reactions\t<\/i>\n<\/loop3>\n<br>\n-->\n\n<\/a>\t\n\n\n<br>\n\n<style>\nloom4 {line-height: normal;}\n\n\/* links *\/\na:link {    color: #000000; }\na:visited { color: #000000; }\na:hover {   color: #000099; }\na:active {  color: #0000FF; }\n\nli {list-style-type:none; }\n\t\n<\/style>\n\n\n<loop2>Jim Cabot Thibault\t(2019).\n\t \n<\/loop2>\n\n<br>\n\n<li>\n<a href=\"https:\/\/jfmaheux.uqam.ca\/chroniques\/2019\/12\/02\/thibaultrp\/\" style=\"text-decoration: none\">\n<loop1>\n\tLa re\u0301solution de proble\u0300mes et l\u2019enseignement-apprentissage des mathe\u0301matiques : comment passer des re\u0301sultats scientifiques \u00e0 l\u2019actualisation en salle de classe?<\/loop1>\n<\/li>\n\t\n\n\t\n<loop3>\n<\/loop3>\n \n\n\n<!--\n<br>\n<loop3>\n\t2019 \n\t<br>\n\t<i>section :\n\t Reactions\t<\/i>\n<\/loop3>\n<br>\n-->\n\n<\/a>\t\n\n\n<br>\n\n<style>\nloom4 {line-height: normal;}\n\n\/* links *\/\na:link {    color: #000000; }\na:visited { color: #000000; }\na:hover {   color: #000099; }\na:active {  color: #0000FF; }\n\nli {list-style-type:none; }\n\t\n<\/style>\n\n\n<loop2>J\u00e9rome Proulx\t(2019).\n\t \n<\/loop2>\n\n<br>\n\n<li>\n<a href=\"https:\/\/jfmaheux.uqam.ca\/chroniques\/2019\/12\/02\/proulxrp\/\" style=\"text-decoration: none\">\n<loop1>\n\tRecherches et r\u00e9solution de probl\u00e8mes en enseignement des math\u00e9matiques : \u00e9ducation, mathematics education et didactique des math\u00e9matiques<\/loop1>\n<\/li>\n\t\n\n\t\n<loop3>\n<\/loop3>\n \n\n\n<!--\n<br>\n<loop3>\n\t2019 \n\t<br>\n\t<i>section :\n\t Articles\t<\/i>\n<\/loop3>\n<br>\n-->\n\n<\/a>\t\n\n\n<br>\n\n<style>\nloom4 {line-height: normal;}\n\n\/* links *\/\na:link {    color: #000000; }\na:visited { color: #000000; }\na:hover {   color: #000099; }\na:active {  color: #0000FF; }\n\nli {list-style-type:none; }\n\t\n<\/style>\n\n\n<loop2>Charlotte M\u00e9grour\u00e8che\t(2019).\n\t \n<\/loop2>\n\n<br>\n\n<li>\n<a href=\"https:\/\/jfmaheux.uqam.ca\/chroniques\/2019\/08\/20\/histoireerreursdifficultes\/\" style=\"text-decoration: none\">\n<loop1>\n\tErreurs et difficult\u00e9s dans l\u2019apprentissage en math\u00e9matiques : r\u00e9flexion sur des histoires analogues<\/loop1>\n<\/li>\n\t\n\n\t\n<loop3>\n<\/loop3>\n \n\n\n<!--\n<br>\n<loop3>\n\t2019 \n\t<br>\n\t<i>section :\n\t Reactions\t<\/i>\n<\/loop3>\n<br>\n-->\n\n<\/a>\t\n\n\n<br>\n\n<style>\nloom4 {line-height: normal;}\n\n\/* links *\/\na:link {    color: #000000; }\na:visited { color: #000000; }\na:hover {   color: #000099; }\na:active {  color: #0000FF; }\n\nli {list-style-type:none; }\n\t\n<\/style>\n\n\n<loop2>J\u00e9r\u00f4me Proulx\t(2019).\n\t \n<\/loop2>\n\n<br>\n\n<li>\n<a href=\"https:\/\/jfmaheux.uqam.ca\/chroniques\/2019\/07\/03\/donneesprobantesdidactique\/\" style=\"text-decoration: none\">\n<loop1>\n\tLes donn\u00e9es probantes et un point de vue de didactique des math\u00e9matiques<\/loop1>\n<\/li>\n\t\n\n\t\n<loop3>\n<\/loop3>\n \n\n\n<!--\n<br>\n<loop3>\n\t2019 \n\t<br>\n\t<i>section :\n\t Reflexions\t<\/i>\n<\/loop3>\n<br>\n-->\n\n<\/a>\t\n\n\n<br>\n\n<style>\nloom4 {line-height: normal;}\n\n\/* links *\/\na:link {    color: #000000; }\na:visited { color: #000000; }\na:hover {   color: #000099; }\na:active {  color: #0000FF; }\n\nli {list-style-type:none; }\n\t\n<\/style>\n\n\n<loop2>Camille Melan\u00e7on\t(2019).\n\t \n<\/loop2>\n\n<br>\n\n<li>\n<a href=\"https:\/\/jfmaheux.uqam.ca\/chroniques\/2019\/07\/03\/aproposdonneesprobantes\/\" style=\"text-decoration: none\">\n<loop1>\n\t\u00c0 propos de ce dont le courant des donn\u00e9es probantes ne nous parle pas<\/loop1>\n<\/li>\n\t\n\n\t\n<loop3>\n<\/loop3>\n \n\n\n<!--\n<br>\n<loop3>\n\t2019 \n\t<br>\n\t<i>section :\n\t Reactions\t<\/i>\n<\/loop3>\n<br>\n-->\n\n<\/a>\t\n\n\n<br>\n\n<style>\nloom4 {line-height: normal;}\n\n\/* links *\/\na:link {    color: #000000; }\na:visited { color: #000000; }\na:hover {   color: #000099; }\na:active {  color: #0000FF; }\n\nli {list-style-type:none; }\n\t\n<\/style>\n\n\n<loop2>Laurie Bergeron\t(2019).\n\t \n<\/loop2>\n\n<br>\n\n<li>\n<a href=\"https:\/\/jfmaheux.uqam.ca\/chroniques\/2019\/03\/22\/savoirperdu\/\" style=\"text-decoration: none\">\n<loop1>\n\tLes mod\u00e8les d\u2019enseignement en math\u00e9matiques pour les \u00e9l\u00e8ves en difficult\u00e9 : \u00e0 la recherche du savoir perdu<\/loop1>\n<\/li>\n\t\n\n\t\n<loop3>\n<\/loop3>\n \n\n\n<!--\n<br>\n<loop3>\n\t2019 \n\t<br>\n\t<i>section :\n\t Articles\t<\/i>\n<\/loop3>\n<br>\n-->\n\n<\/a>\t\n\n\n<br>\n\n<style>\nloom4 {line-height: normal;}\n\n\/* links *\/\na:link {    color: #000000; }\na:visited { color: #000000; }\na:hover {   color: #000099; }\na:active {  color: #0000FF; }\n\nli {list-style-type:none; }\n\t\n<\/style>\n\n\n<loop2>Jean-Fran\u00e7ois Maheux\t(2017).\n\t \n<\/loop2>\n\n<br>\n\n<li>\n<a href=\"https:\/\/jfmaheux.uqam.ca\/chroniques\/2017\/08\/25\/3principesneuro\/\" style=\"text-decoration: none\">\n<loop1>\n\tTrois principes (\u00e0 se rappeler) de la Neurodidactique<\/loop1>\n<\/li>\n\t\n\n\t\n<loop3>\n<\/loop3>\n \n\n\n<!--\n<br>\n<loop3>\n\t2017 \n\t<br>\n\t<i>section :\n\t Reflexions\t<\/i>\n<\/loop3>\n<br>\n-->\n\n<\/a>\t\n\n\n<br>\n\n<style>\nloom4 {line-height: normal;}\n\n\/* links *\/\na:link {    color: #000000; }\na:visited { color: #000000; }\na:hover {   color: #000099; }\na:active {  color: #0000FF; }\n\nli {list-style-type:none; }\n\t\n<\/style>\n\n\n<loop2>J\u00e9rome Proulx\t(2017).\n\t \n<\/loop2>\n\n<br>\n\n<li>\n<a href=\"https:\/\/jfmaheux.uqam.ca\/chroniques\/2017\/06\/20\/didepistemo\/\" style=\"text-decoration: none\">\n<loop1>\n\tLe didacticien des math\u00e9matiques comme \u00e9pist\u00e9mologue<\/loop1>\n<\/li>\n\t\n\n\t\n<loop3>\n<\/loop3>\n \n\n\n<!--\n<br>\n<loop3>\n\t2017 \n\t<br>\n\t<i>section :\n\t Reflexions\t<\/i>\n<\/loop3>\n<br>\n-->\n\n<\/a>\t\n\n\n<br>\n\n<style>\nloom4 {line-height: normal;}\n\n\/* links *\/\na:link {    color: #000000; }\na:visited { color: #000000; }\na:hover {   color: #000099; }\na:active {  color: #0000FF; }\n\nli {list-style-type:none; }\n\t\n<\/style>\n\n\n<loop2>Mathieu Thibault\t(2017).\n\t \n<\/loop2>\n\n<br>\n\n<li>\n<a href=\"https:\/\/jfmaheux.uqam.ca\/chroniques\/2017\/05\/10\/thibaultonhattie\/\" style=\"text-decoration: none\">\n<loop1>\n\tLe Visible Learning de John Hattie est-il si visible?<\/loop1>\n<\/li>\n\t\n\n\t\n<loop3>\n<\/loop3>\n \n\n\n<!--\n<br>\n<loop3>\n\t2017 \n\t<br>\n\t<i>section :\n\t Reactions\t<\/i>\n<\/loop3>\n<br>\n-->\n\n<\/a>\t\n\n\n<br>\n\n","protected":false},"excerpt":{"rendered":"<p>Here are link to all the papers in French:<\/p>\n","protected":false},"author":2,"featured_media":0,"parent":0,"menu_order":0,"comment_status":"closed","ping_status":"closed","template":"","meta":{"_acf_changed":false,"footnotes":""},"class_list":["post-780","page","type-page","status-publish","hentry"],"translation":{"provider":"WPGlobus","version":"3.0.2","language":"en","enabled_languages":["en","fr"],"languages":{"en":{"title":true,"content":true,"excerpt":false},"fr":{"title":true,"content":true,"excerpt":false}}},"acf":[],"_links":{"self":[{"href":"https:\/\/jfmaheux.uqam.ca\/chroniques\/wp-json\/wp\/v2\/pages\/780","targetHints":{"allow":["GET"]}}],"collection":[{"href":"https:\/\/jfmaheux.uqam.ca\/chroniques\/wp-json\/wp\/v2\/pages"}],"about":[{"href":"https:\/\/jfmaheux.uqam.ca\/chroniques\/wp-json\/wp\/v2\/types\/page"}],"author":[{"embeddable":true,"href":"https:\/\/jfmaheux.uqam.ca\/chroniques\/wp-json\/wp\/v2\/users\/2"}],"replies":[{"embeddable":true,"href":"https:\/\/jfmaheux.uqam.ca\/chroniques\/wp-json\/wp\/v2\/comments?post=780"}],"version-history":[{"count":5,"href":"https:\/\/jfmaheux.uqam.ca\/chroniques\/wp-json\/wp\/v2\/pages\/780\/revisions"}],"predecessor-version":[{"id":912,"href":"https:\/\/jfmaheux.uqam.ca\/chroniques\/wp-json\/wp\/v2\/pages\/780\/revisions\/912"}],"wp:attachment":[{"href":"https:\/\/jfmaheux.uqam.ca\/chroniques\/wp-json\/wp\/v2\/media?parent=780"}],"curies":[{"name":"wp","href":"https:\/\/api.w.org\/{rel}","templated":true}]}}