{"id":1011,"date":"2020-05-15T11:37:15","date_gmt":"2020-05-15T15:37:15","guid":{"rendered":"http:\/\/leam.uqam.ca\/?page_id=1011"},"modified":"2021-10-20T15:08:57","modified_gmt":"2021-10-20T15:08:57","slug":"le-cercle","status":"publish","type":"page","link":"https:\/\/jfmaheux.uqam.ca\/leam\/le-cercle\/","title":{"rendered":"Le cercle"},"content":{"rendered":"<div id=\"lecercle\">\n<h1 style=\"text-align: center; font-size: 1.5em;\">LE CERCLE MATHEMATIQUES, EDUCATION ET EPISTEMOLOGIE DE MONTREAL<\/h1>\n<h1 style=\"text-align: center; font-size: 1.5em;\">THE MONTREAL EPISTEMOLOGY, MATHEMATICS AND EDUCATION CIRCLE<\/h1>\n<h2>Bienvenu | Welcome<\/h2>\n<div id=\"informations\"><!--\nLes rencontres ont lieu sur <strong>Zoom<\/strong>. Le num\u00e9ro de la salle est <a href=\"https:\/\/uqam.zoom.us\/j\/95378317381\">953 7831 7381<\/a>.\nVous trouverez ici des <a href=\"http:\/\/tiny.cc\/infozoomLEAM\">instructions pour se connecter avec zoom<\/a> (gratuitement) par tablette, t\u00e9l\u00e9phone ou ordinateur.\n-->Le Cercle, fond\u00e9 en 2013 par Nadia Hardi, J\u00e9rome Proulx et Jean-Francois Maheux, est un espace de partage, de r\u00e9flexion et d&rsquo;exploration autour des th\u00e9matiques au coeur des travaux du laboratoire. Son but est d&rsquo;offrir de mani\u00e8re r\u00e9guli\u00e8res des occasions des occasions de se pencher de mani\u00e8re tr\u00e8s diverses (conf\u00e9rences, atelier, groupe de lecture, s\u00e9ance d&rsquo;analyse) et souvent un peu informelle sur des questions qui nous int\u00e9ressent.<\/p>\n<\/div>\n<h1>Prochaine Rencontre \/ Next meeting<\/h1>\n<div>      <div id=\"post-grid-lazy-1025\" class=\"post-grid-lazy\"><img decoding=\"async\" alt=\"\" src=\"\" \/><\/div>\n    <script>\n      jQuery('#post-grid-lazy-1025').ready(function($) {\n        $('#post-grid-lazy-1025').fadeOut();\n        $('#post-grid-1025   ').fadeIn();\n      })\n    <\/script>\n    <style type=\"text\/css\">\n      #post-grid-1025 {\n        display: none;\n      }\n\n      .post-grid-lazy {\n        text-align: center;\n      }\n    <\/style>\n    <div data-options='{&quot;id&quot;:&quot;1025&quot;,&quot;lazy_load&quot;:&quot;yes&quot;,&quot;masonry_enable&quot;:&quot;no&quot;,&quot;view_type&quot;:&quot;grid&quot;}' id=\"post-grid-1025\" class=\"post-grid grid\">\n        <div class=\"no-post-found\">\n        <div class=\"no-post-found\">\n    No post found  <\/div>\n    <\/div>\n          <style type=\"text\/css\">\r\n            .layout-51633 .element_1609011336122 {\r\n                            }\r\n\r\n                    <\/style>\r\n            <style type=\"text\/css\">\n      .layout-51633 {\r\n\tbackground-color: pink;\r\n\tpadding: 15px;\r\n\tborder-radius: 10px\r\n}    <\/style>\n    <script>\n          <\/script>\n    <style type=\"text\/css\">\n    #post-grid-1025 {\n      padding: 10px;\n          }\n\n    #post-grid-1025 .item {\n      padding: 0px;\n      background: #fff;\n          }\n\n    #post-grid-1025 .item .layer-media {\n      height:auto;    }\n\n    @media only screen and (min-width: 0px) and (max-width: 767px) {\n      #post-grid-1025 .grid-items {\n        text-align: center;\n              }\n\n      #post-grid-1025 .item {\n        width: 90%;\n        margin: 10px;\n        display: inline-block;\n        vertical-align: top;\n        height:auto;      }\n    }\n\n    @media only screen and (min-width: 768px) and (max-width: 1023px) {\n      #post-grid-1025 .grid-items {\n        text-align: center;\n              }\n\n      #post-grid-1025 .item {\n        width: 280px;\n        margin: 10px;\n        display: inline-block;\n        vertical-align: top;\n        max-height:auto;      }\n    }\n\n    @media only screen and (min-width: 1024px) {\n      #post-grid-1025 .grid-items {\n        text-align: center;\n              }\n\n      #post-grid-1025 .item {\n        width: 400px;\n        display: inline-block;\n        margin: 10px;\n        vertical-align: top;\n        height:auto;      }\n    }\n\n      <\/style>\n  <\/div>\n<\/div>\n<h1>Previous Meetings \/ Rencontres Pr\u00e9c\u00e9dentes<\/h1>\n      <div id=\"post-grid-lazy-51621\" class=\"post-grid-lazy\"><img decoding=\"async\" alt=\"\" src=\"\" \/><\/div>\n    <script>\n      jQuery('#post-grid-lazy-51621').ready(function($) {\n        $('#post-grid-lazy-51621').fadeOut();\n        $('#post-grid-51621   ').fadeIn();\n      })\n    <\/script>\n    <style type=\"text\/css\">\n      #post-grid-51621 {\n        display: none;\n      }\n\n      .post-grid-lazy {\n        text-align: center;\n      }\n    <\/style>\n    <div data-options='{&quot;id&quot;:&quot;51621&quot;,&quot;lazy_load&quot;:&quot;yes&quot;,&quot;masonry_enable&quot;:&quot;no&quot;,&quot;view_type&quot;:&quot;grid&quot;}' id=\"post-grid-51621\" class=\"post-grid grid\">\n    \n\n\n    <div class=\"grid-items\">\n      <div class=\"item item-52070 skin flat even 0 \">\n        <div class=\"layer-wrapper layout-1027\">\n          <div class=\" element_1609011699785\"\r\n        id=\"\">\r\n        <div class=\"element element_1609011715727  content \">\r\n        <h2>Mardi 16 nov. 2021 de 13h \u00e0 15h<\/h2>\n<div>\n<p>Suite du visionnement et de la discussion de\u00a0<i>Pr\u00e9occupations \u00e9pist\u00e9mologiques pour l'enseignement des math\u00e9matiques<\/i>, une conf\u00e9rence pr\u00e9sent\u00e9e par Aline Robert, \u00c9ric Roditi &amp; Marc Rogalski en 2008 \u00e0 l'IREM de Paris.<\/p>\n<p>Inscription \u00e0 : <a href=\"http:\/\/www.tiny.cc\/evenementcercle\">http:\/\/www.tiny.cc\/evenementcercle<\/a><\/p>\n<\/div>\n    <\/div>\r\n    <\/div>\r\n    <\/div>\n  <\/div><div class=\"item item-51949 skin flat odd 1 \">\n        <div class=\"layer-wrapper layout-1027\">\n          <div class=\" element_1609011699785\"\r\n        id=\"\">\r\n        <div class=\"element element_1609011715727  content \">\r\n        <h2>Mardi 2 nov. 2021 de 13h \u00e0 15h<\/h2>\n<div>\n<div>\n<p>Visionnement et discussion de\u00a0<i>Pr\u00e9occupations \u00e9pist\u00e9mologiques pour l'enseignement des math\u00e9matiques<\/i>, une conf\u00e9rence pr\u00e9sent\u00e9e par Aline Robert, \u00c9ric Roditi &amp; Marc Rogalski en 2008 \u00e0 l'IREM de Paris.<\/p>\n<\/div>\n<\/div>\n    <\/div>\r\n    <\/div>\r\n    <\/div>\n  <\/div><div class=\"item item-51715 skin flat even 2 \">\n        <div class=\"layer-wrapper layout-1027\">\n          <div class=\" element_1609011699785\"\r\n        id=\"\">\r\n        <div class=\"element element_1609011715727  content \">\r\n        <h2>Vendredi 7 ao\u00fbt 2020 \u00e0 13h30<\/h2>\n<div>\n<div>\n<p>Discussion sur la beaut\u00e9\u00a0des math\u00e9matiques en lien avec l'activit\u00e9 math\u00e9matique (en classe). Comme point de d\u00e9part, un petit texte\u00a0sur\u00a0<a title=\"https:\/\/www.ias.edu\/ideas\/2012\/teicher-mathematics-beauty\" href=\"https:\/\/www.ias.edu\/ideas\/2012\/teicher-mathematics-beauty\" target=\"_blank\" rel=\"noreferrer noopener\">les math\u00e9matiques de la beaut\u00e9<\/a>\u00a0et une courte vid\u00e9o sur\u00a0<a title=\"https:\/\/www.math93.com\/divers\/corriges-du-bac-et-actualite-en-maths\/562-la-beaute-des-mathematiques.html\" href=\"https:\/\/www.math93.com\/divers\/corriges-du-bac-et-actualite-en-maths\/562-la-beaute-des-mathematiques.html\" target=\"_blank\" rel=\"noreferrer noopener\">la beaut\u00e9 des math\u00e9matiques<\/a>. Dans quelle mesure la beaut\u00e9 vient ou intervient elle avant, pendant ou apr\u00e8s l'activit\u00e9 math\u00e9matique? En quoi ceci pourrait-il, \u00e9ventuellement, \u00e9clairer le travail en classe?<\/p>\n<\/div>\n<\/div>\n    <\/div>\r\n    <\/div>\r\n    <\/div>\n  <\/div><div class=\"item item-51694 skin flat odd 3 \">\n        <div class=\"layer-wrapper layout-1027\">\n          <div class=\" element_1609011699785\"\r\n        id=\"\">\r\n        <div class=\"element element_1609011715727  content \">\r\n        <h2>Lundi 6 Juillet 2020 \u00e0 13h30<\/h2>\n<p>Discussion du court texte paru dans le New York Times sur une <em>m\u00e9thode pour r\u00e9soudre des \u00e9quations quadratiques<\/em>. Le texte est disponible \u00e0 l\u2019adresse suivante : <a href=\"https:\/\/www.nytimes.com\/2020\/02\/05\/science\/quadratic-equations-algebra.html\">https:\/\/www.nytimes.com\/2020\/02\/05\/science\/quadratic-equations-algebra.html<\/a> (et une <a href=\"http:\/\/leam.uqam.ca\/wp-content\/uploads\/2020\/06\/Une-nouvelle-fa\u00e7on-de-faciliter-les-\u00e9quations-quadratiques.pdf\">courte pr\u00e9sentation de la m\u00e9thode en fran\u00e7ais<\/a>).<br \/>\n<!-- Lors de la rencontre, nous pourrons discuter de la m\u00e9thode propos\u00e9e, bien s\u00fbr, mais aussi du contexte de cette d\u00e9couverte, du sens \u00e0 donner \u00e0 ce qui est pr\u00e9sent\u00e9, du travail des \u00e9l\u00e8ves, de la parution de ce type de reportage dans les m\u00e9dias, et de toutes autres id\u00e9es relatives \u00e0 l\u2019\u00e9pist\u00e9mologie et l\u2019activit\u00e9 math\u00e9matique. --><\/p>\n    <\/div>\r\n    <\/div>\r\n    <\/div>\n  <\/div><div class=\"item item-1023 skin flat even 4 \">\n        <div class=\"layer-wrapper layout-1027\">\n          <div class=\" element_1609011699785\"\r\n        id=\"\">\r\n        <div class=\"element element_1609011715727  content \">\r\n        <h2>Vendredi 12 juin 2020 \u00e0 13h30<\/h2>\n<p>Discussion autour de la question <em>Comment les processus personnels des \u00e9l\u00e8ves peuvent nous en apprendre sur les math\u00e9matiques elles-m\u00eames?<\/em>, et comme point de d\u00e9part, la lecture du petit texte de Arthur Morley disponible sur le site de la revue FLM: Morley, A. (1982). <a href=\"https:\/\/flm-journal.org\/Articles\/7EF3FFF89F2A3E3981292674729B78.pdf#page=3\">Teaching and learning algorithms<\/a>, FLM 2(2).<\/p>\n<p>&nbsp;<\/p>\n    <\/div>\r\n    <\/div>\r\n    <\/div>\n  <\/div>    <\/div>\n    <div class=\"pagination\">\n      <div class=\"paginate\">\n      <\/div>\n  <style type=\"text\/css\">\n    #post-grid-51621 .pagination .page-numbers {\n      font-size: 16px;\n      color: #fff;\n      background: #646464;\n    }\n\n    #post-grid-51621 .pagination .page-numbers:hover,\n    #post-grid-51621 .pagination .page-numbers.current {\n      background: #4b4b4b;\n    }\n  <\/style>\n  <\/div>\n        <style type=\"text\/css\">\r\n            .layout-1027 .element_1609011699785 {\r\n                            }\r\n\r\n                    <\/style>\r\n            <style type=\"text\/css\">\n      .layout-1027{\r\n\tbackground-color: lightgray;\r\n\tpadding: 15px;\r\n}    <\/style>\n    <script>\n          <\/script>\n    <style type=\"text\/css\">\n    #post-grid-51621 {\n      padding: 10px;\n          }\n\n    #post-grid-51621 .item {\n      padding: 0px;\n      background: #fff;\n          }\n\n    #post-grid-51621 .item .layer-media {\n      height:auto;    }\n\n    @media only screen and (min-width: 0px) and (max-width: 767px) {\n      #post-grid-51621 .grid-items {\n        text-align: center;\n              }\n\n      #post-grid-51621 .item {\n        width: 90%;\n        margin: 10px;\n        display: inline-block;\n        vertical-align: top;\n        height:auto;      }\n    }\n\n    @media only screen and (min-width: 768px) and (max-width: 1023px) {\n      #post-grid-51621 .grid-items {\n        text-align: center;\n              }\n\n      #post-grid-51621 .item {\n        width: 280px;\n        margin: 10px;\n        display: inline-block;\n        vertical-align: top;\n        max-height:auto;      }\n    }\n\n    @media only screen and (min-width: 1024px) {\n      #post-grid-51621 .grid-items {\n        text-align: center;\n              }\n\n      #post-grid-51621 .item {\n        width: 280px;\n        display: inline-block;\n        margin: 10px;\n        vertical-align: top;\n        height:auto;      }\n    }\n\n      <\/style>\n  <\/div>\n\n<p>[<a href=\"..\/cercle-archives&quot;\">archive: 2013-2016<\/a>]<\/p>\n<hr \/>\n<p>Le Cercle \u00e9pist\u00e9mologie et activit\u00e9 math\u00e9matique de Montr\u00e9al organise r\u00e9guli\u00e8rement des rencontres informelles pour discuter autour de l&rsquo;activit\u00e9 math\u00e9matique. Si vous souhaitez \u00ab\u00a0animer\u00a0\u00bb une telle rencontre, faites-nous signe!<\/p>\n<p><img decoding=\"async\" style=\"display: block; margin: auto; padding: 10px;\" src=\"..\/wp-content\/uploads\/2021\/10\/logoanna1.png\" width=\"150px\" \/><\/p>\n<\/div>\n","protected":false},"excerpt":{"rendered":"<p>LE CERCLE MATHEMATIQUES, EDUCATION ET EPISTEMOLOGIE DE MONTREAL THE MONTREAL EPISTEMOLOGY, MATHEMATICS AND EDUCATION CIRCLE Bienvenu | Welcome Le Cercle, fond\u00e9 en 2013 par Nadia Hardi, J\u00e9rome Proulx et Jean-Francois Maheux, est un espace de partage, de r\u00e9flexion et d&rsquo;exploration &hellip; <a href=\"https:\/\/jfmaheux.uqam.ca\/leam\/2021\/11\/11\/cercle-16-novembre-2021\/\">Continuer la lecture <span class=\"meta-nav\">&rarr;<\/span><\/a><\/p>\n","protected":false},"author":1,"featured_media":0,"parent":0,"menu_order":0,"comment_status":"closed","ping_status":"closed","template":"","meta":{"_acf_changed":false,"footnotes":""},"class_list":["post-1011","page","type-page","status-publish","hentry"],"acf":[],"_links":{"self":[{"href":"https:\/\/jfmaheux.uqam.ca\/leam\/wp-json\/wp\/v2\/pages\/1011","targetHints":{"allow":["GET"]}}],"collection":[{"href":"https:\/\/jfmaheux.uqam.ca\/leam\/wp-json\/wp\/v2\/pages"}],"about":[{"href":"https:\/\/jfmaheux.uqam.ca\/leam\/wp-json\/wp\/v2\/types\/page"}],"author":[{"embeddable":true,"href":"https:\/\/jfmaheux.uqam.ca\/leam\/wp-json\/wp\/v2\/users\/1"}],"replies":[{"embeddable":true,"href":"https:\/\/jfmaheux.uqam.ca\/leam\/wp-json\/wp\/v2\/comments?post=1011"}],"version-history":[{"count":50,"href":"https:\/\/jfmaheux.uqam.ca\/leam\/wp-json\/wp\/v2\/pages\/1011\/revisions"}],"predecessor-version":[{"id":51970,"href":"https:\/\/jfmaheux.uqam.ca\/leam\/wp-json\/wp\/v2\/pages\/1011\/revisions\/51970"}],"wp:attachment":[{"href":"https:\/\/jfmaheux.uqam.ca\/leam\/wp-json\/wp\/v2\/media?parent=1011"}],"curies":[{"name":"wp","href":"https:\/\/api.w.org\/{rel}","templated":true}]}}