{"id":15,"date":"2015-06-18T06:21:54","date_gmt":"2015-06-18T10:21:54","guid":{"rendered":"http:\/\/leam.uqam.ca\/?page_id=15"},"modified":"2021-05-12T02:43:50","modified_gmt":"2021-05-12T02:43:50","slug":"recherche","status":"publish","type":"page","link":"https:\/\/jfmaheux.uqam.ca\/leam\/recherche\/","title":{"rendered":"Recherches"},"content":{"rendered":"\n<!-- NOTE: If you need to make changes to this file, copy it to your current theme's main\n\tdirectory so your changes won't be overwritten when the plugin is upgraded. -->\n\n<!-- Post Wrap Start-->\n<div class=\"post hentry ivycat-post\">\n\n\t<!-- \tThis outputs the post TITLE -->\n\t<h2 class=\"entry-title\"><a href=\"https:\/\/jfmaheux.uqam.ca\/leam\/2015\/07\/02\/imperfection\/\">The im|perfection in\/of (doing) mathematics<\/a><\/h2>\n\n\t<!-- \tThis outputs the post EXCERPT.  To display full content including images and html,\n\t\treplace the_excerpt(); with the_content();  below. -->\n\t<div class=\"entry-summary\">\n\t\t<p>Mathematics is often considered a \u201cperfect\u201d, flawless, orderly, stable-yet-evolving field of investigation to which students are introduced, which some authors found detrimental to teachers and students. There are however perspectives that recognize how mathematics and mathematical activity also intrinsically imply &hellip; <a href=\"https:\/\/jfmaheux.uqam.ca\/leam\/2015\/07\/02\/imperfection\/\">Continuer la lecture <span class=\"meta-nav\">&rarr;<\/span><\/a><\/p>\n\t<\/div>\n\n\t<!--\tThis outputs the post META information -->\n\t<div class=\"entry-utility\">\n\t\t\t\t\t<span class=\"cat-links\">\n\t\t\t\t<span class=\"entry-utility-prep entry-utility-prep-cat-links\">Posted in<\/span> <a href=\"https:\/\/jfmaheux.uqam.ca\/leam\/category\/recherche\/\" rel=\"category tag\">recherche<\/a>\t\t\t<\/span>\n\t\t\t<span class=\"meta-sep\">|<\/span>\n\t\t\t\t\t\t<span class=\"comments-link\">\n\t\t\t<span>Commentaires ferm\u00e9s<span class=\"screen-reader-text\"> sur The im|perfection in\/of (doing) mathematics<\/span><\/span>\t\t<\/span>\n\t\t\t<\/div>\n<\/div>\n<!-- \/\/ Post Wrap End -->\n\n<!-- NOTE: If you need to make changes to this file, copy it to your current theme's main\n\tdirectory so your changes won't be overwritten when the plugin is upgraded. -->\n\n<!-- Post Wrap Start-->\n<div class=\"post hentry ivycat-post\">\n\n\t<!-- \tThis outputs the post TITLE -->\n\t<h2 class=\"entry-title\"><a href=\"https:\/\/jfmaheux.uqam.ca\/leam\/2015\/09\/17\/jeuxmathematiques\/\">Les jeux math\u00e9matiques<\/a><\/h2>\n\n\t<!-- \tThis outputs the post EXCERPT.  To display full content including images and html,\n\t\treplace the_excerpt(); with the_content();  below. -->\n\t<div class=\"entry-summary\">\n\t\t<p>Les jeux math\u00e9matiques sont pr\u00e9sents et \u00e0 la mode dans les classes du primaire qu\u00e9b\u00e9coises. Le type de jeux math\u00e9matiques qui m\u2019int\u00e9resse se situe entre un mat\u00e9riel didactique et une activit\u00e9 p\u00e9dagogique construite pour travailler un contenu math\u00e9matique sp\u00e9cifique en &hellip; <a href=\"https:\/\/jfmaheux.uqam.ca\/leam\/2015\/09\/17\/jeuxmathematiques\/\">Continuer la lecture <span class=\"meta-nav\">&rarr;<\/span><\/a><\/p>\n\t<\/div>\n\n\t<!--\tThis outputs the post META information -->\n\t<div class=\"entry-utility\">\n\t\t\t\t\t<span class=\"cat-links\">\n\t\t\t\t<span class=\"entry-utility-prep entry-utility-prep-cat-links\">Posted in<\/span> <a href=\"https:\/\/jfmaheux.uqam.ca\/leam\/category\/recherche\/\" rel=\"category tag\">recherche<\/a>\t\t\t<\/span>\n\t\t\t<span class=\"meta-sep\">|<\/span>\n\t\t\t\t\t\t<span class=\"comments-link\">\n\t\t\t<span>Commentaires ferm\u00e9s<span class=\"screen-reader-text\"> sur Les jeux math\u00e9matiques<\/span><\/span>\t\t<\/span>\n\t\t\t<\/div>\n<\/div>\n<!-- \/\/ Post Wrap End -->\n\n<!-- NOTE: If you need to make changes to this file, copy it to your current theme's main\n\tdirectory so your changes won't be overwritten when the plugin is upgraded. -->\n\n<!-- Post Wrap Start-->\n<div class=\"post hentry ivycat-post\">\n\n\t<!-- \tThis outputs the post TITLE -->\n\t<h2 class=\"entry-title\"><a href=\"https:\/\/jfmaheux.uqam.ca\/leam\/2017\/08\/04\/ensrp\/\">Enseignement des math\u00e9matiques par r\u00e9solution de probl\u00e8mes<\/a><\/h2>\n\n\t<!-- \tThis outputs the post EXCERPT.  To display full content including images and html,\n\t\treplace the_excerpt(); with the_content();  below. -->\n\t<div class=\"entry-summary\">\n\t\t<p>En continuit\u00e9 avec les travaux men\u00e9s sur le calcul mental, cette recherche est centr\u00e9e sur l\u2019enseignement des math\u00e9matiques uniquement \u00e0 partir de probl\u00e8mes donn\u00e9s aux \u00e9l\u00e8ves \u00e0 r\u00e9soudre. \u00c0 travers diverses exp\u00e9rimentations men\u00e9es dans les classes, cette recherche tente de &hellip; <a href=\"https:\/\/jfmaheux.uqam.ca\/leam\/2017\/08\/04\/ensrp\/\">Continuer la lecture <span class=\"meta-nav\">&rarr;<\/span><\/a><\/p>\n\t<\/div>\n\n\t<!--\tThis outputs the post META information -->\n\t<div class=\"entry-utility\">\n\t\t\t\t\t<span class=\"cat-links\">\n\t\t\t\t<span class=\"entry-utility-prep entry-utility-prep-cat-links\">Posted in<\/span> <a href=\"https:\/\/jfmaheux.uqam.ca\/leam\/category\/recherche\/\" rel=\"category tag\">recherche<\/a>\t\t\t<\/span>\n\t\t\t<span class=\"meta-sep\">|<\/span>\n\t\t\t\t\t\t<span class=\"comments-link\">\n\t\t\t<span>Commentaires ferm\u00e9s<span class=\"screen-reader-text\"> sur Enseignement des math\u00e9matiques par r\u00e9solution de probl\u00e8mes<\/span><\/span>\t\t<\/span>\n\t\t\t<\/div>\n<\/div>\n<!-- \/\/ Post Wrap End -->\n\n<!-- NOTE: If you need to make changes to this file, copy it to your current theme's main\n\tdirectory so your changes won't be overwritten when the plugin is upgraded. -->\n\n<!-- Post Wrap Start-->\n<div class=\"post hentry ivycat-post\">\n\n\t<!-- \tThis outputs the post TITLE -->\n\t<h2 class=\"entry-title\"><a href=\"https:\/\/jfmaheux.uqam.ca\/leam\/2017\/08\/04\/toposexpmath\/\">Topos d&rsquo;Exp\u00e9riences Math\u00e9matiques<\/a><\/h2>\n\n\t<!-- \tThis outputs the post EXCERPT.  To display full content including images and html,\n\t\treplace the_excerpt(); with the_content();  below. -->\n\t<div class=\"entry-summary\">\n\t\t<p>Ce projet de recheche vise la conceptualisation et l&rsquo;enrichissement de diff\u00e9rentes exp\u00e9riences math\u00e9matiques. Il s&rsquo;agit de mieux comprendre les mani\u00e8res vari\u00e9e dont on peut faire des math\u00e9matiques, et les situations dans lesquelles ces exp\u00e9riences deviennent possibles. Au final, ceci pourrait &hellip; <a href=\"https:\/\/jfmaheux.uqam.ca\/leam\/2017\/08\/04\/toposexpmath\/\">Continuer la lecture <span class=\"meta-nav\">&rarr;<\/span><\/a><\/p>\n\t<\/div>\n\n\t<!--\tThis outputs the post META information -->\n\t<div class=\"entry-utility\">\n\t\t\t\t\t<span class=\"cat-links\">\n\t\t\t\t<span class=\"entry-utility-prep entry-utility-prep-cat-links\">Posted in<\/span> <a href=\"https:\/\/jfmaheux.uqam.ca\/leam\/category\/recherche\/\" rel=\"category tag\">recherche<\/a>\t\t\t<\/span>\n\t\t\t<span class=\"meta-sep\">|<\/span>\n\t\t\t\t\t\t<span class=\"comments-link\">\n\t\t\t<span>Commentaires ferm\u00e9s<span class=\"screen-reader-text\"> sur Topos d&rsquo;Exp\u00e9riences Math\u00e9matiques<\/span><\/span>\t\t<\/span>\n\t\t\t<\/div>\n<\/div>\n<!-- \/\/ Post Wrap End -->\n\n","protected":false},"excerpt":{"rendered":"","protected":false},"author":1,"featured_media":0,"parent":0,"menu_order":2,"comment_status":"closed","ping_status":"closed","template":"","meta":{"_acf_changed":false,"footnotes":""},"class_list":["post-15","page","type-page","status-publish","hentry"],"acf":[],"_links":{"self":[{"href":"https:\/\/jfmaheux.uqam.ca\/leam\/wp-json\/wp\/v2\/pages\/15","targetHints":{"allow":["GET"]}}],"collection":[{"href":"https:\/\/jfmaheux.uqam.ca\/leam\/wp-json\/wp\/v2\/pages"}],"about":[{"href":"https:\/\/jfmaheux.uqam.ca\/leam\/wp-json\/wp\/v2\/types\/page"}],"author":[{"embeddable":true,"href":"https:\/\/jfmaheux.uqam.ca\/leam\/wp-json\/wp\/v2\/users\/1"}],"replies":[{"embeddable":true,"href":"https:\/\/jfmaheux.uqam.ca\/leam\/wp-json\/wp\/v2\/comments?post=15"}],"version-history":[{"count":35,"href":"https:\/\/jfmaheux.uqam.ca\/leam\/wp-json\/wp\/v2\/pages\/15\/revisions"}],"predecessor-version":[{"id":51915,"href":"https:\/\/jfmaheux.uqam.ca\/leam\/wp-json\/wp\/v2\/pages\/15\/revisions\/51915"}],"wp:attachment":[{"href":"https:\/\/jfmaheux.uqam.ca\/leam\/wp-json\/wp\/v2\/media?parent=15"}],"curies":[{"name":"wp","href":"https:\/\/api.w.org\/{rel}","templated":true}]}}