{"id":28,"date":"2015-06-29T18:30:16","date_gmt":"2015-06-29T18:30:16","guid":{"rendered":"http:\/\/leam.uqam.ca\/?page_id=28"},"modified":"2024-09-27T14:06:10","modified_gmt":"2024-09-27T14:06:10","slug":"equipe","status":"publish","type":"page","link":"https:\/\/jfmaheux.uqam.ca\/leam\/equipe\/","title":{"rendered":"\u00c9quipe"},"content":{"rendered":"<hr>\n<div><strong>\u00c9quipe active:<\/strong><\/div>\n<hr>\n<div><\/div>\n<div>\n<ul>\n<li>J\u00e9rome Proulx<\/li>\n<li>Jean-Francois Maheux<\/li>\n<li>Luis Saldanha<\/li>\n<li>Genevi\u00e8ve Barab\u00e9<\/li>\n<li>Charlotte M\u00e9grour\u00e8che<\/li>\n<li>Myriam Boucher-Pinard<\/li>\n<li>Mathieu Seguin<\/li>\n<li>Jean-Christophe Martin Dubreuil<\/li>\n<li>Antoine Lachance<\/li>\n<li>Charline Novak<\/li>\n<li>Jacob Chartray<\/li>\n<li>Aline Savard<\/li>\n<li>J\u00e9r\u00e9my C\u00f4t\u00e9<\/li>\n<\/ul>\n<\/div>\n<div><\/div>\n<hr>\n<div><\/div>\n<div><strong>Anciens du labo:<\/strong><\/div>\n<hr>\n<div>\n<div class=\"item item-148 skin flat even 0 \">\n<div class=\"layer-wrapper layout-363\">\n<div id=\"\" class=\" element_1727445127866\"><\/div>\n<\/div>\n<\/div>\n<div class=\"item item-359 skin flat odd 7 \">\n<div class=\"layer-wrapper layout-363\">\n<div id=\"\" class=\" element_1727445127866\">\n<ul>\n<li class=\"element element_1727445138954 title \">Fiorella Tinetto<\/li>\n<li class=\"element element_1727445138954 title \">Sabrina H\u00e9roux<\/li>\n<li class=\"element element_1727445138954 title \">Karl-Philippe Tremblay<\/li>\n<li class=\"element element_1727445138954 title \">Francois Lagac\u00e9<\/li>\n<li class=\"element element_1727445138954 title \">Marie-Line Lavall\u00e9e Lamarche<\/li>\n<li class=\"element element_1727445138954 title \">\u00c9ric Roditi<\/li>\n<li class=\"element element_1727445138954 title \">Nadia Hardy<\/li>\n<li class=\"element element_1727445138954 title \">Rox-Anne L&rsquo;Italien-Bruneau<\/li>\n<\/ul>\n<\/div>\n<\/div>\n<\/div>\n<\/div>\n<p><!--\n\n\n<div style=\"width:100%;float:left;\">\n<leam4>\u00c9tudiants<\/leam4>\n[ic_add_posts category='etudiant' template='boitemembre.php']<\/div>\n\n\n<leam4>\n\n\n\n<hr>\n\n\n\nAmis et Collaborateurs<\/leam4>\n[ic_add_posts category='amis' template='boitemembre.php']<\/div>\n\n\n--><\/p>\n","protected":false},"excerpt":{"rendered":"<p>\u00c9quipe active: J\u00e9rome Proulx Jean-Francois Maheux Luis Saldanha Genevi\u00e8ve Barab\u00e9 Charlotte M\u00e9grour\u00e8che Myriam Boucher-Pinard Mathieu Seguin Jean-Christophe Martin Dubreuil Antoine Lachance Charline Novak Jacob Chartray Aline Savard J\u00e9r\u00e9my C\u00f4t\u00e9 Anciens du labo: Fiorella Tinetto Sabrina H\u00e9roux Karl-Philippe Tremblay Francois Lagac\u00e9 &hellip; <a href=\"https:\/\/jfmaheux.uqam.ca\/leam\/equipe\/\">Continuer la lecture <span class=\"meta-nav\">&rarr;<\/span><\/a><\/p>\n","protected":false},"author":1,"featured_media":0,"parent":0,"menu_order":0,"comment_status":"closed","ping_status":"closed","template":"","meta":{"_acf_changed":false,"footnotes":""},"class_list":["post-28","page","type-page","status-publish","hentry"],"acf":[],"_links":{"self":[{"href":"https:\/\/jfmaheux.uqam.ca\/leam\/wp-json\/wp\/v2\/pages\/28","targetHints":{"allow":["GET"]}}],"collection":[{"href":"https:\/\/jfmaheux.uqam.ca\/leam\/wp-json\/wp\/v2\/pages"}],"about":[{"href":"https:\/\/jfmaheux.uqam.ca\/leam\/wp-json\/wp\/v2\/types\/page"}],"author":[{"embeddable":true,"href":"https:\/\/jfmaheux.uqam.ca\/leam\/wp-json\/wp\/v2\/users\/1"}],"replies":[{"embeddable":true,"href":"https:\/\/jfmaheux.uqam.ca\/leam\/wp-json\/wp\/v2\/comments?post=28"}],"version-history":[{"count":66,"href":"https:\/\/jfmaheux.uqam.ca\/leam\/wp-json\/wp\/v2\/pages\/28\/revisions"}],"predecessor-version":[{"id":52112,"href":"https:\/\/jfmaheux.uqam.ca\/leam\/wp-json\/wp\/v2\/pages\/28\/revisions\/52112"}],"wp:attachment":[{"href":"https:\/\/jfmaheux.uqam.ca\/leam\/wp-json\/wp\/v2\/media?parent=28"}],"curies":[{"name":"wp","href":"https:\/\/api.w.org\/{rel}","templated":true}]}}