{"id":51732,"date":"2020-12-26T00:04:46","date_gmt":"2020-12-26T00:04:46","guid":{"rendered":"https:\/\/jfmaheux.uqam.ca\/leam\/?page_id=51732"},"modified":"2021-05-12T02:32:08","modified_gmt":"2021-05-12T02:32:08","slug":"contact","status":"publish","type":"page","link":"https:\/\/jfmaheux.uqam.ca\/leam\/contact\/","title":{"rendered":"Contact"},"content":{"rendered":"\r\n<p>N&rsquo;h\u00e9sitez pas \u00e0 entrer en contact avec nous par courriel ou \u00e0 nos locaux.<\/p>\r\n<p>Nous vous invitons aussi \u00e0 vous abonner \u00e0 notre liste courriel afin de recevoir les annonces et invitations pour nos \u00e9v\u00e8nements<\/p>\r\n","protected":false},"excerpt":{"rendered":"<p>N&rsquo;h\u00e9sitez pas \u00e0 entrer en contact avec nous par courriel ou \u00e0 nos locaux. Nous vous invitons aussi \u00e0 vous abonner \u00e0 notre liste courriel afin de recevoir les annonces et invitations pour nos \u00e9v\u00e8nements<\/p>\n","protected":false},"author":1,"featured_media":0,"parent":0,"menu_order":0,"comment_status":"closed","ping_status":"closed","template":"","meta":{"_acf_changed":false,"footnotes":""},"class_list":["post-51732","page","type-page","status-publish","hentry"],"acf":[],"_links":{"self":[{"href":"https:\/\/jfmaheux.uqam.ca\/leam\/wp-json\/wp\/v2\/pages\/51732","targetHints":{"allow":["GET"]}}],"collection":[{"href":"https:\/\/jfmaheux.uqam.ca\/leam\/wp-json\/wp\/v2\/pages"}],"about":[{"href":"https:\/\/jfmaheux.uqam.ca\/leam\/wp-json\/wp\/v2\/types\/page"}],"author":[{"embeddable":true,"href":"https:\/\/jfmaheux.uqam.ca\/leam\/wp-json\/wp\/v2\/users\/1"}],"replies":[{"embeddable":true,"href":"https:\/\/jfmaheux.uqam.ca\/leam\/wp-json\/wp\/v2\/comments?post=51732"}],"version-history":[{"count":3,"href":"https:\/\/jfmaheux.uqam.ca\/leam\/wp-json\/wp\/v2\/pages\/51732\/revisions"}],"predecessor-version":[{"id":51912,"href":"https:\/\/jfmaheux.uqam.ca\/leam\/wp-json\/wp\/v2\/pages\/51732\/revisions\/51912"}],"wp:attachment":[{"href":"https:\/\/jfmaheux.uqam.ca\/leam\/wp-json\/wp\/v2\/media?parent=51732"}],"curies":[{"name":"wp","href":"https:\/\/api.w.org\/{rel}","templated":true}]}}