{"id":51805,"date":"2020-12-26T18:27:37","date_gmt":"2020-12-26T18:27:37","guid":{"rendered":"https:\/\/jfmaheux.uqam.ca\/leam\/?page_id=51805"},"modified":"2021-10-29T15:59:46","modified_gmt":"2021-10-29T15:59:46","slug":"nouvelles-news","status":"publish","type":"page","link":"https:\/\/jfmaheux.uqam.ca\/leam\/accueil\/nouvelles-news\/","title":{"rendered":"Nouvelles &#8211; News"},"content":{"rendered":"\n<!-- NOTE: If you need to make changes to this file, copy it to your current theme's main\n\tdirectory so your changes won't be overwritten when the plugin is upgraded. -->\n\n<!-- Post Wrap Start-->\n<div class=\"post hentry ivycat-post\">\n\n\t<!-- \tThis outputs the post TITLE -->\n\t<h2 class=\"entry-title\"><a href=\"https:\/\/jfmaheux.uqam.ca\/leam\/2024\/01\/02\/janvier2024journeevulgarisation\/\">Janvier 2024: Journ\u00e9e de vulgarisation scientifique<\/a><\/h2>\n\n\t<!-- \tThis outputs the post EXCERPT.  To display full content including images and html,\n\t\treplace the_excerpt(); with the_content();  below. -->\n\t<div class=\"entry-summary\">\n\t\t<p>Le LEAM organise le 22 janvier 2024 une journ\u00e9e \u00ab synth\u00e8se \u00bb dans laquelle J\u00e9rome Proulx fera une pr\u00e9sentation vulgaris\u00e9e de ces travaux autour de la relation aire-p\u00e9rim\u00e8tre. La journ\u00e9e inclue des ateliers, des discussions et une conf\u00e9rence.<\/p>\n\t<\/div>\n\n\t<!--\tThis outputs the post META information -->\n\t<div class=\"entry-utility\">\n\t\t\t\t\t<span class=\"cat-links\">\n\t\t\t\t<span class=\"entry-utility-prep entry-utility-prep-cat-links\">Posted in<\/span> <a href=\"https:\/\/jfmaheux.uqam.ca\/leam\/category\/evenementleam\/\" rel=\"category tag\">evenementLEAM<\/a>, <a href=\"https:\/\/jfmaheux.uqam.ca\/leam\/category\/nouvelle\/\" rel=\"category tag\">nouvelle<\/a>\t\t\t<\/span>\n\t\t\t<span class=\"meta-sep\">|<\/span>\n\t\t\t\t\t\t\t<span class=\"tag-links\">\n\t\t\t\t<span class=\"entry-utility-prep entry-utility-prep-tag-links\">Tagged<\/span> <a href=\"https:\/\/jfmaheux.uqam.ca\/leam\/tag\/2024\/\" rel=\"tag\">2024<\/a>, <a href=\"https:\/\/jfmaheux.uqam.ca\/leam\/tag\/ongoing\/\" rel=\"tag\">ongoing<\/a>\t\t\t<\/span>\n\t\t\t<span class=\"meta-sep\">|<\/span>\n\t\t\t\t<span class=\"comments-link\">\n\t\t\t<span>Commentaires ferm\u00e9s<span class=\"screen-reader-text\"> sur Janvier 2024: Journ\u00e9e de vulgarisation scientifique<\/span><\/span>\t\t<\/span>\n\t\t\t<\/div>\n<\/div>\n<!-- \/\/ Post Wrap End -->\n\n<!-- NOTE: If you need to make changes to this file, copy it to your current theme's main\n\tdirectory so your changes won't be overwritten when the plugin is upgraded. -->\n\n<!-- Post Wrap Start-->\n<div class=\"post hentry ivycat-post\">\n\n\t<!-- \tThis outputs the post TITLE -->\n\t<h2 class=\"entry-title\"><a href=\"https:\/\/jfmaheux.uqam.ca\/leam\/2023\/11\/06\/decembre-2024-journee-ouverte-leam\/\">Decembre 2023: Journ\u00e9e ouverte L\u00c9AM<\/a><\/h2>\n\n\t<!-- \tThis outputs the post EXCERPT.  To display full content including images and html,\n\t\treplace the_excerpt(); with the_content();  below. -->\n\t<div class=\"entry-summary\">\n\t\t<p>Mettez le 15 d\u00e9cembre 2023 \u00e0 vos agendas!\u00a0Le LEAM organise \u00e0 l\u2019UQAM une journ\u00e9e \u00ab\u00a0recherche\u00a0\u00bb autour de questions sur lesquels nous travaillons en ce moment. Venez r\u00e9fl\u00e9chir et \u00e9changer avec nous! Bient\u00f4t disponible: le programme de la journ\u00e9e ainsi qu&rsquo;un &hellip; <a href=\"https:\/\/jfmaheux.uqam.ca\/leam\/2023\/11\/06\/decembre-2024-journee-ouverte-leam\/\">Continuer la lecture <span class=\"meta-nav\">&rarr;<\/span><\/a><\/p>\n\t<\/div>\n\n\t<!--\tThis outputs the post META information -->\n\t<div class=\"entry-utility\">\n\t\t\t\t\t<span class=\"cat-links\">\n\t\t\t\t<span class=\"entry-utility-prep entry-utility-prep-cat-links\">Posted in<\/span> <a href=\"https:\/\/jfmaheux.uqam.ca\/leam\/category\/nouvelle\/\" rel=\"category tag\">nouvelle<\/a>\t\t\t<\/span>\n\t\t\t<span class=\"meta-sep\">|<\/span>\n\t\t\t\t\t\t\t<span class=\"tag-links\">\n\t\t\t\t<span class=\"entry-utility-prep entry-utility-prep-tag-links\">Tagged<\/span> <a href=\"https:\/\/jfmaheux.uqam.ca\/leam\/tag\/ongoing\/\" rel=\"tag\">ongoing<\/a>\t\t\t<\/span>\n\t\t\t<span class=\"meta-sep\">|<\/span>\n\t\t\t\t<span class=\"comments-link\">\n\t\t\t<span>Commentaires ferm\u00e9s<span class=\"screen-reader-text\"> sur Decembre 2023: Journ\u00e9e ouverte L\u00c9AM<\/span><\/span>\t\t<\/span>\n\t\t\t<\/div>\n<\/div>\n<!-- \/\/ Post Wrap End -->\n\n<!-- NOTE: If you need to make changes to this file, copy it to your current theme's main\n\tdirectory so your changes won't be overwritten when the plugin is upgraded. -->\n\n<!-- Post Wrap Start-->\n<div class=\"post hentry ivycat-post\">\n\n\t<!-- \tThis outputs the post TITLE -->\n\t<h2 class=\"entry-title\"><a href=\"https:\/\/jfmaheux.uqam.ca\/leam\/2022\/11\/28\/soutenancesabrinaheroux\/\">D\u00e9cembre 2022: Soutenance de th\u00e8se de Sabrina H\u00e9roux<\/a><\/h2>\n\n\t<!-- \tThis outputs the post EXCERPT.  To display full content including images and html,\n\t\treplace the_excerpt(); with the_content();  below. -->\n\t<div class=\"entry-summary\">\n\t\t<p>\u00c7a ne ch\u00f4me pas au LEAM! \u00c0 ne pas manquer le 21 d\u00e9cembre \u00e0 9h30 c&rsquo;est l&rsquo;occasion d&rsquo;entendre Sabrina H\u00e9roux pr\u00e9senter sa th\u00e8se de doctorat intitul\u00e9e:\u00a0\u00c9tude exploratoire de l\u2019activit\u00e9 math\u00e9matique lors de s\u00e9ances de jeux en classe du primaire. La &hellip; <a href=\"https:\/\/jfmaheux.uqam.ca\/leam\/2022\/11\/28\/soutenancesabrinaheroux\/\">Continuer la lecture <span class=\"meta-nav\">&rarr;<\/span><\/a><\/p>\n\t<\/div>\n\n\t<!--\tThis outputs the post META information -->\n\t<div class=\"entry-utility\">\n\t\t\t\t\t<span class=\"cat-links\">\n\t\t\t\t<span class=\"entry-utility-prep entry-utility-prep-cat-links\">Posted in<\/span> <a href=\"https:\/\/jfmaheux.uqam.ca\/leam\/category\/nouvelle\/\" rel=\"category tag\">nouvelle<\/a>\t\t\t<\/span>\n\t\t\t<span class=\"meta-sep\">|<\/span>\n\t\t\t\t\t\t\t<span class=\"tag-links\">\n\t\t\t\t<span class=\"entry-utility-prep entry-utility-prep-tag-links\">Tagged<\/span> <a href=\"https:\/\/jfmaheux.uqam.ca\/leam\/tag\/archive\/\" rel=\"tag\">archive<\/a>\t\t\t<\/span>\n\t\t\t<span class=\"meta-sep\">|<\/span>\n\t\t\t\t<span class=\"comments-link\">\n\t\t\t<span>Commentaires ferm\u00e9s<span class=\"screen-reader-text\"> sur D\u00e9cembre 2022: Soutenance de th\u00e8se de Sabrina H\u00e9roux<\/span><\/span>\t\t<\/span>\n\t\t\t<\/div>\n<\/div>\n<!-- \/\/ Post Wrap End -->\n\n<!-- NOTE: If you need to make changes to this file, copy it to your current theme's main\n\tdirectory so your changes won't be overwritten when the plugin is upgraded. -->\n\n<!-- Post Wrap Start-->\n<div class=\"post hentry ivycat-post\">\n\n\t<!-- \tThis outputs the post TITLE -->\n\t<h2 class=\"entry-title\"><a href=\"https:\/\/jfmaheux.uqam.ca\/leam\/2022\/11\/02\/novembre-2022-soutenance-de-these-de-genevieve-barabe\/\">Novembre 2022: Soutenance de th\u00e8se de Genevi\u00e8ve Barab\u00e9<\/a><\/h2>\n\n\t<!-- \tThis outputs the post EXCERPT.  To display full content including images and html,\n\t\treplace the_excerpt(); with the_content();  below. -->\n\t<div class=\"entry-summary\">\n\t\t<p>\u00c0 ne pas manquer le 2 novembre \u00e0 14h c&rsquo;est l&rsquo;occasion de voir \u00e0 l&rsquo;oeuvre Genevi\u00e8ve Barab\u00e9, qui \u00e9volue au sein du LEAM depuis plusieurs ann\u00e9es, pr\u00e9senter son travail doctoral intitul\u00e9:\u00a0E\u0301tude de l\u2019e\u0301volution de ta\u0302ches mathe\u0301matiques routinie\u0300res a\u0300 travers leur &hellip; <a href=\"https:\/\/jfmaheux.uqam.ca\/leam\/2022\/11\/02\/novembre-2022-soutenance-de-these-de-genevieve-barabe\/\">Continuer la lecture <span class=\"meta-nav\">&rarr;<\/span><\/a><\/p>\n\t<\/div>\n\n\t<!--\tThis outputs the post META information -->\n\t<div class=\"entry-utility\">\n\t\t\t\t\t<span class=\"cat-links\">\n\t\t\t\t<span class=\"entry-utility-prep entry-utility-prep-cat-links\">Posted in<\/span> <a href=\"https:\/\/jfmaheux.uqam.ca\/leam\/category\/nouvelle\/\" rel=\"category tag\">nouvelle<\/a>\t\t\t<\/span>\n\t\t\t<span class=\"meta-sep\">|<\/span>\n\t\t\t\t\t\t\t<span class=\"tag-links\">\n\t\t\t\t<span class=\"entry-utility-prep entry-utility-prep-tag-links\">Tagged<\/span> <a href=\"https:\/\/jfmaheux.uqam.ca\/leam\/tag\/archive\/\" rel=\"tag\">archive<\/a>\t\t\t<\/span>\n\t\t\t<span class=\"meta-sep\">|<\/span>\n\t\t\t\t<span class=\"comments-link\">\n\t\t\t<span>Commentaires ferm\u00e9s<span class=\"screen-reader-text\"> sur Novembre 2022: Soutenance de th\u00e8se de Genevi\u00e8ve Barab\u00e9<\/span><\/span>\t\t<\/span>\n\t\t\t<\/div>\n<\/div>\n<!-- \/\/ Post Wrap End -->\n\n<!-- NOTE: If you need to make changes to this file, copy it to your current theme's main\n\tdirectory so your changes won't be overwritten when the plugin is upgraded. -->\n\n<!-- Post Wrap Start-->\n<div class=\"post hentry ivycat-post\">\n\n\t<!-- \tThis outputs the post TITLE -->\n\t<h2 class=\"entry-title\"><a href=\"https:\/\/jfmaheux.uqam.ca\/leam\/2022\/05\/31\/06-21-proportionalite\/\">Juin 2022: Conf\u00e9rence VIRTUELLE sur la proportionnalit\u00e9 en contexte de calcul mental<\/a><\/h2>\n\n\t<!-- \tThis outputs the post EXCERPT.  To display full content including images and html,\n\t\treplace the_excerpt(); with the_content();  below. -->\n\t<div class=\"entry-summary\">\n\t\t<p>La proportionnalit\u00e9 en contexte de calcul mental Le Laboratoire \u00c9pist\u00e9mologie et Activit\u00e9 Math\u00e9matique vous invite \u00e0 assister \u00e0 une conf\u00e9rence virtuelle publique, qui aura lieu\u00a0le mercredi 15 juin de 13h30 \u00e0 15h30, donn\u00e9e par le professeur J\u00e9r\u00f4me Proulx. La conf\u00e9rence &hellip; <a href=\"https:\/\/jfmaheux.uqam.ca\/leam\/2022\/05\/31\/06-21-proportionalite\/\">Continuer la lecture <span class=\"meta-nav\">&rarr;<\/span><\/a><\/p>\n\t<\/div>\n\n\t<!--\tThis outputs the post META information -->\n\t<div class=\"entry-utility\">\n\t\t\t\t\t<span class=\"cat-links\">\n\t\t\t\t<span class=\"entry-utility-prep entry-utility-prep-cat-links\">Posted in<\/span> <a href=\"https:\/\/jfmaheux.uqam.ca\/leam\/category\/evenementleam\/\" rel=\"category tag\">evenementLEAM<\/a>, <a href=\"https:\/\/jfmaheux.uqam.ca\/leam\/category\/nouvelle\/\" rel=\"category tag\">nouvelle<\/a>\t\t\t<\/span>\n\t\t\t<span class=\"meta-sep\">|<\/span>\n\t\t\t\t\t\t\t<span class=\"tag-links\">\n\t\t\t\t<span class=\"entry-utility-prep entry-utility-prep-tag-links\">Tagged<\/span> <a href=\"https:\/\/jfmaheux.uqam.ca\/leam\/tag\/archive\/\" rel=\"tag\">archive<\/a>\t\t\t<\/span>\n\t\t\t<span class=\"meta-sep\">|<\/span>\n\t\t\t\t<span class=\"comments-link\">\n\t\t\t<span>Commentaires ferm\u00e9s<span class=\"screen-reader-text\"> sur Juin 2022: Conf\u00e9rence VIRTUELLE sur la proportionnalit\u00e9 en contexte de calcul mental<\/span><\/span>\t\t<\/span>\n\t\t\t<\/div>\n<\/div>\n<!-- \/\/ Post Wrap End -->\n\n<!-- NOTE: If you need to make changes to this file, copy it to your current theme's main\n\tdirectory so your changes won't be overwritten when the plugin is upgraded. -->\n\n<!-- Post Wrap Start-->\n<div class=\"post hentry ivycat-post\">\n\n\t<!-- \tThis outputs the post TITLE -->\n\t<h2 class=\"entry-title\"><a href=\"https:\/\/jfmaheux.uqam.ca\/leam\/2021\/11\/02\/novembre-2021-activite-au-cercle-suite\/\">Novembre 2021: Activit\u00e9 au Cercle (suite)<\/a><\/h2>\n\n\t<!-- \tThis outputs the post EXCERPT.  To display full content including images and html,\n\t\treplace the_excerpt(); with the_content();  below. -->\n\t<div class=\"entry-summary\">\n\t\t<p>Le Cercle \u00e9pist\u00e9mologie et activit\u00e9 math\u00e9matique de Montr\u00e9al organise une rencontre le mardi 16 novembre 2021\u00a0de 13h \u00e0 15h. Nous vous allons poursuivre le visionnement et la discussion de la conf\u00e9rence de\u00a0Aline Robert, \u00c9ric Roditi &amp; Marc Rogalski intitul\u00e9e Pr\u00e9occupations &hellip; <a href=\"https:\/\/jfmaheux.uqam.ca\/leam\/2021\/11\/02\/novembre-2021-activite-au-cercle-suite\/\">Continuer la lecture <span class=\"meta-nav\">&rarr;<\/span><\/a><\/p>\n\t<\/div>\n\n\t<!--\tThis outputs the post META information -->\n\t<div class=\"entry-utility\">\n\t\t\t\t\t<span class=\"cat-links\">\n\t\t\t\t<span class=\"entry-utility-prep entry-utility-prep-cat-links\">Posted in<\/span> <a href=\"https:\/\/jfmaheux.uqam.ca\/leam\/category\/evenementleam\/\" rel=\"category tag\">evenementLEAM<\/a>, <a href=\"https:\/\/jfmaheux.uqam.ca\/leam\/category\/nouvelle\/\" rel=\"category tag\">nouvelle<\/a>\t\t\t<\/span>\n\t\t\t<span class=\"meta-sep\">|<\/span>\n\t\t\t\t\t\t\t<span class=\"tag-links\">\n\t\t\t\t<span class=\"entry-utility-prep entry-utility-prep-tag-links\">Tagged<\/span> <a href=\"https:\/\/jfmaheux.uqam.ca\/leam\/tag\/archive\/\" rel=\"tag\">archive<\/a>\t\t\t<\/span>\n\t\t\t<span class=\"meta-sep\">|<\/span>\n\t\t\t\t<span class=\"comments-link\">\n\t\t\t<span>Commentaires ferm\u00e9s<span class=\"screen-reader-text\"> sur Novembre 2021: Activit\u00e9 au Cercle (suite)<\/span><\/span>\t\t<\/span>\n\t\t\t<\/div>\n<\/div>\n<!-- \/\/ Post Wrap End -->\n\n<!-- NOTE: If you need to make changes to this file, copy it to your current theme's main\n\tdirectory so your changes won't be overwritten when the plugin is upgraded. -->\n\n<!-- Post Wrap Start-->\n<div class=\"post hentry ivycat-post\">\n\n\t<!-- \tThis outputs the post TITLE -->\n\t<h2 class=\"entry-title\"><a href=\"https:\/\/jfmaheux.uqam.ca\/leam\/2021\/10\/20\/activitecercle2nov21\/\">Novembre 2021: Activit\u00e9 au Cercle<\/a><\/h2>\n\n\t<!-- \tThis outputs the post EXCERPT.  To display full content including images and html,\n\t\treplace the_excerpt(); with the_content();  below. -->\n\t<div class=\"entry-summary\">\n\t\t<p>Le Cercle \u00e9pist\u00e9mologie et activit\u00e9 math\u00e9matique de Montr\u00e9al organise une rencontre le mardi 2 novembre 2021\u00a0de 13h \u00e0 15h. Nous vous invitons \u00e0 venir visionner et discuter avec nous une conf\u00e9rence de\u00a0Aline Robert, \u00c9ric Roditi &amp; Marc Rogalski intitul\u00e9e Pr\u00e9occupations &hellip; <a href=\"https:\/\/jfmaheux.uqam.ca\/leam\/2021\/10\/20\/activitecercle2nov21\/\">Continuer la lecture <span class=\"meta-nav\">&rarr;<\/span><\/a><\/p>\n\t<\/div>\n\n\t<!--\tThis outputs the post META information -->\n\t<div class=\"entry-utility\">\n\t\t\t\t\t<span class=\"cat-links\">\n\t\t\t\t<span class=\"entry-utility-prep entry-utility-prep-cat-links\">Posted in<\/span> <a href=\"https:\/\/jfmaheux.uqam.ca\/leam\/category\/evenementleam\/\" rel=\"category tag\">evenementLEAM<\/a>, <a href=\"https:\/\/jfmaheux.uqam.ca\/leam\/category\/nouvelle\/\" rel=\"category tag\">nouvelle<\/a>\t\t\t<\/span>\n\t\t\t<span class=\"meta-sep\">|<\/span>\n\t\t\t\t\t\t\t<span class=\"tag-links\">\n\t\t\t\t<span class=\"entry-utility-prep entry-utility-prep-tag-links\">Tagged<\/span> <a href=\"https:\/\/jfmaheux.uqam.ca\/leam\/tag\/archive\/\" rel=\"tag\">archive<\/a>\t\t\t<\/span>\n\t\t\t<span class=\"meta-sep\">|<\/span>\n\t\t\t\t<span class=\"comments-link\">\n\t\t\t<span>Commentaires ferm\u00e9s<span class=\"screen-reader-text\"> sur Novembre 2021: Activit\u00e9 au Cercle<\/span><\/span>\t\t<\/span>\n\t\t\t<\/div>\n<\/div>\n<!-- \/\/ Post Wrap End -->\n\n<!-- NOTE: If you need to make changes to this file, copy it to your current theme's main\n\tdirectory so your changes won't be overwritten when the plugin is upgraded. -->\n\n<!-- Post Wrap Start-->\n<div class=\"post hentry ivycat-post\">\n\n\t<!-- \tThis outputs the post TITLE -->\n\t<h2 class=\"entry-title\"><a href=\"https:\/\/jfmaheux.uqam.ca\/leam\/2021\/08\/12\/reparationsites\/\">Aout 2021: R\u00e9paration des sites LEAM et Chroniques<\/a><\/h2>\n\n\t<!-- \tThis outputs the post EXCERPT.  To display full content including images and html,\n\t\treplace the_excerpt(); with the_content();  below. -->\n\t<div class=\"entry-summary\">\n\t\t<p>En raison de probl\u00e8mes techniques, les sites du LEAM et de la revue Chroniques ne sont pas compl\u00e8tement fonctionnels. En cas de besoin, \u00e9crivez-nous au leam@uqam.ca<\/p>\n\t<\/div>\n\n\t<!--\tThis outputs the post META information -->\n\t<div class=\"entry-utility\">\n\t\t\t\t\t<span class=\"cat-links\">\n\t\t\t\t<span class=\"entry-utility-prep entry-utility-prep-cat-links\">Posted in<\/span> <a href=\"https:\/\/jfmaheux.uqam.ca\/leam\/category\/evenementleam\/\" rel=\"category tag\">evenementLEAM<\/a>, <a href=\"https:\/\/jfmaheux.uqam.ca\/leam\/category\/nouvelle\/\" rel=\"category tag\">nouvelle<\/a>\t\t\t<\/span>\n\t\t\t<span class=\"meta-sep\">|<\/span>\n\t\t\t\t\t\t\t<span class=\"tag-links\">\n\t\t\t\t<span class=\"entry-utility-prep entry-utility-prep-tag-links\">Tagged<\/span> <a href=\"https:\/\/jfmaheux.uqam.ca\/leam\/tag\/archive\/\" rel=\"tag\">archive<\/a>\t\t\t<\/span>\n\t\t\t<span class=\"meta-sep\">|<\/span>\n\t\t\t\t<span class=\"comments-link\">\n\t\t\t<span>Commentaires ferm\u00e9s<span class=\"screen-reader-text\"> sur Aout 2021: R\u00e9paration des sites LEAM et Chroniques<\/span><\/span>\t\t<\/span>\n\t\t\t<\/div>\n<\/div>\n<!-- \/\/ Post Wrap End -->\n\n<!-- NOTE: If you need to make changes to this file, copy it to your current theme's main\n\tdirectory so your changes won't be overwritten when the plugin is upgraded. -->\n\n<!-- Post Wrap Start-->\n<div class=\"post hentry ivycat-post\">\n\n\t<!-- \tThis outputs the post TITLE -->\n\t<h2 class=\"entry-title\"><a href=\"https:\/\/jfmaheux.uqam.ca\/leam\/2021\/05\/13\/aire-perimetre\/\">Mai 2021: Atelier-conf\u00e9rence sur le conflit aire-p\u00e9rim\u00e8tre<\/a><\/h2>\n\n\t<!-- \tThis outputs the post EXCERPT.  To display full content including images and html,\n\t\treplace the_excerpt(); with the_content();  below. -->\n\t<div class=\"entry-summary\">\n\t\t<p>Le conflit aire-p\u00e9rim\u00e8tre vu sous l\u2019angle du p\u00e9rim\u00e8tre\u00a0: travail local et global, r\u00e9ussites et difficult\u00e9s Le Laboratoire \u00c9pist\u00e9mologie et Activit\u00e9 Math\u00e9matique vous convie \u00e0 une conf\u00e9rence virtuelle publique donn\u00e9e par le professeur J\u00e9r\u00f4me Proulx concernant ses r\u00e9cents travaux sur le &hellip; <a href=\"https:\/\/jfmaheux.uqam.ca\/leam\/2021\/05\/13\/aire-perimetre\/\">Continuer la lecture <span class=\"meta-nav\">&rarr;<\/span><\/a><\/p>\n\t<\/div>\n\n\t<!--\tThis outputs the post META information -->\n\t<div class=\"entry-utility\">\n\t\t\t\t\t<span class=\"cat-links\">\n\t\t\t\t<span class=\"entry-utility-prep entry-utility-prep-cat-links\">Posted in<\/span> <a href=\"https:\/\/jfmaheux.uqam.ca\/leam\/category\/evenementleam\/\" rel=\"category tag\">evenementLEAM<\/a>, <a href=\"https:\/\/jfmaheux.uqam.ca\/leam\/category\/nouvelle\/\" rel=\"category tag\">nouvelle<\/a>\t\t\t<\/span>\n\t\t\t<span class=\"meta-sep\">|<\/span>\n\t\t\t\t\t\t\t<span class=\"tag-links\">\n\t\t\t\t<span class=\"entry-utility-prep entry-utility-prep-tag-links\">Tagged<\/span> <a href=\"https:\/\/jfmaheux.uqam.ca\/leam\/tag\/archive\/\" rel=\"tag\">archive<\/a>\t\t\t<\/span>\n\t\t\t<span class=\"meta-sep\">|<\/span>\n\t\t\t\t<span class=\"comments-link\">\n\t\t\t<span>Commentaires ferm\u00e9s<span class=\"screen-reader-text\"> sur Mai 2021: Atelier-conf\u00e9rence sur le conflit aire-p\u00e9rim\u00e8tre<\/span><\/span>\t\t<\/span>\n\t\t\t<\/div>\n<\/div>\n<!-- \/\/ Post Wrap End -->\n\n<!-- NOTE: If you need to make changes to this file, copy it to your current theme's main\n\tdirectory so your changes won't be overwritten when the plugin is upgraded. -->\n\n<!-- Post Wrap Start-->\n<div class=\"post hentry ivycat-post\">\n\n\t<!-- \tThis outputs the post TITLE -->\n\t<h2 class=\"entry-title\"><a href=\"https:\/\/jfmaheux.uqam.ca\/leam\/2020\/07\/31\/cercle7aout2020news\/\">Activit\u00e9 au Cercle le 7 ao\u00fbt<\/a><\/h2>\n\n\t<!-- \tThis outputs the post EXCERPT.  To display full content including images and html,\n\t\treplace the_excerpt(); with the_content();  below. -->\n\t<div class=\"entry-summary\">\n\t\t<p>Le Cercle \u00e9pist\u00e9mologie et activit\u00e9 math\u00e9matique de Montr\u00e9al organise un rencontre le vendredi 7 ao\u00fbt 2020 de 13h30 \u00e0 15h30, sur Zoom. Nous vous invitons \u00e0 venir discuter de beaut\u00e9 des math\u00e9matiques en lien avec l&rsquo;activit\u00e9 math\u00e9matique (en classe). Comme &hellip; <a href=\"https:\/\/jfmaheux.uqam.ca\/leam\/2020\/07\/31\/cercle7aout2020news\/\">Continuer la lecture <span class=\"meta-nav\">&rarr;<\/span><\/a><\/p>\n\t<\/div>\n\n\t<!--\tThis outputs the post META information -->\n\t<div class=\"entry-utility\">\n\t\t\t\t\t<span class=\"cat-links\">\n\t\t\t\t<span class=\"entry-utility-prep entry-utility-prep-cat-links\">Posted in<\/span> <a href=\"https:\/\/jfmaheux.uqam.ca\/leam\/category\/evenementleam\/\" rel=\"category tag\">evenementLEAM<\/a>, <a href=\"https:\/\/jfmaheux.uqam.ca\/leam\/category\/nouvelle\/\" rel=\"category tag\">nouvelle<\/a>\t\t\t<\/span>\n\t\t\t<span class=\"meta-sep\">|<\/span>\n\t\t\t\t\t\t\t<span class=\"tag-links\">\n\t\t\t\t<span class=\"entry-utility-prep entry-utility-prep-tag-links\">Tagged<\/span> <a href=\"https:\/\/jfmaheux.uqam.ca\/leam\/tag\/archive\/\" rel=\"tag\">archive<\/a>\t\t\t<\/span>\n\t\t\t<span class=\"meta-sep\">|<\/span>\n\t\t\t\t<span class=\"comments-link\">\n\t\t\t<span>Commentaires ferm\u00e9s<span class=\"screen-reader-text\"> sur Activit\u00e9 au Cercle le 7 ao\u00fbt<\/span><\/span>\t\t<\/span>\n\t\t\t<\/div>\n<\/div>\n<!-- \/\/ Post Wrap End -->\n\n","protected":false},"excerpt":{"rendered":"","protected":false},"author":1,"featured_media":0,"parent":9,"menu_order":0,"comment_status":"closed","ping_status":"closed","template":"","meta":{"_acf_changed":false,"footnotes":""},"class_list":["post-51805","page","type-page","status-publish","hentry"],"acf":[],"_links":{"self":[{"href":"https:\/\/jfmaheux.uqam.ca\/leam\/wp-json\/wp\/v2\/pages\/51805","targetHints":{"allow":["GET"]}}],"collection":[{"href":"https:\/\/jfmaheux.uqam.ca\/leam\/wp-json\/wp\/v2\/pages"}],"about":[{"href":"https:\/\/jfmaheux.uqam.ca\/leam\/wp-json\/wp\/v2\/types\/page"}],"author":[{"embeddable":true,"href":"https:\/\/jfmaheux.uqam.ca\/leam\/wp-json\/wp\/v2\/users\/1"}],"replies":[{"embeddable":true,"href":"https:\/\/jfmaheux.uqam.ca\/leam\/wp-json\/wp\/v2\/comments?post=51805"}],"version-history":[{"count":19,"href":"https:\/\/jfmaheux.uqam.ca\/leam\/wp-json\/wp\/v2\/pages\/51805\/revisions"}],"predecessor-version":[{"id":52040,"href":"https:\/\/jfmaheux.uqam.ca\/leam\/wp-json\/wp\/v2\/pages\/51805\/revisions\/52040"}],"up":[{"embeddable":true,"href":"https:\/\/jfmaheux.uqam.ca\/leam\/wp-json\/wp\/v2\/pages\/9"}],"wp:attachment":[{"href":"https:\/\/jfmaheux.uqam.ca\/leam\/wp-json\/wp\/v2\/media?parent=51805"}],"curies":[{"name":"wp","href":"https:\/\/api.w.org\/{rel}","templated":true}]}}