{"id":9,"date":"2015-06-18T06:20:11","date_gmt":"2015-06-18T06:20:11","guid":{"rendered":"http:\/\/leam.uqam.ca\/?page_id=9"},"modified":"2023-11-06T20:03:59","modified_gmt":"2023-11-06T20:03:59","slug":"accueil","status":"publish","type":"page","link":"https:\/\/jfmaheux.uqam.ca\/leam\/","title":{"rendered":"Le Laboratoire"},"content":{"rendered":"<table>\n<tbody>\n<tr>\n<td style=\"border: 0px; width: 70%;\">\n<h2>\u00c0 propos du LEAM<\/h2>\n<p>Les travaux du <em>Laboratoire \u00c9pist\u00e9mologie et Activit\u00e9 Math\u00e9matique<\/em> sont tr\u00e8s divers et touchent plusieurs dimensions relatives \u00e0 l&rsquo;enseignement et l&rsquo;apprentissage des math\u00e9matiques. Toutefois, ce qui rend le <em>Laboratoire \u00c9pist\u00e9mologie et Activit\u00e9 Math\u00e9matique<\/em> unique n&rsquo;est pas la diversit\u00e9 de ses travaux, mais plut\u00f4t ce qui les unit.<\/p>\n<p>\u00c0 travers tous les projets conduits au laboratoire, au c\u0153ur de ceux-ci, on retrouve des questions relatives \u00e0 l&rsquo;\u00e9pist\u00e9mologie et l&rsquo;activit\u00e9 math\u00e9matique des enseignants et des \u00e9l\u00e8ves. On y repense les questions relatives \u00e0 la construction des connaissances math\u00e9matiques, les connaissances math\u00e9matiques elles-m\u00eames, les processus d&rsquo;apprentissage et de r\u00e9solution de probl\u00e8mes en math\u00e9matiques, voire m\u00eame des r\u00e9flexions profondes sur des fa\u00e7ons de repenser l&rsquo;enseignement des math\u00e9matiques \u00e0 travers ces lunettes.<\/p>\n<p>C&rsquo;est donc ce projet ambitieux de repenser l&rsquo;enseignement et l&rsquo;apprentissage des math\u00e9matiques et la recherche sur ces derniers, au c\u0153ur duquel les questions \u00e9pist\u00e9mologiques sont mises de l&rsquo;avant, qui oriente les travaux au sein du Laboratoire \u00c9pist\u00e9mologie et Activit\u00e9 Math\u00e9matique.<\/p>\n<hr \/>\n<h2 style=\"text-align: center;\">\u00c0 la une!<\/h2>\n<p>\n<!-- NOTE: If you need to make changes to this file, copy it to your current theme's main\n\tdirectory so your changes won't be overwritten when the plugin is upgraded. -->\n\n<!-- Post Wrap Start-->\n<div class=\"post hentry ivycat-post\">\n\n\t<!-- \tThis outputs the post TITLE -->\n\t<h2 class=\"entry-title\"><a href=\"https:\/\/jfmaheux.uqam.ca\/leam\/2023\/11\/06\/invitation-a-deux-activites-au-leam\/\">Invitation \u00e0 deux activit\u00e9s au L\u00c9AM<\/a><\/h2>\n\n\t<!-- \tThis outputs the post EXCERPT.  To display full content including images and html,\n\t\treplace the_excerpt(); with the_content();  below. -->\n\t<div class=\"entry-summary\">\n\t\t<p>Le L\u00c9AM organise en ce moment deux journ\u00e9es autour de nos travaux et r\u00e9flexions auxquelles vous \u00eates invit\u00e9s \u00e0 nous joindre! La premi\u00e8re est un Journ\u00e9e Recherche dans laquelle nous discuterons diff\u00e9rents th\u00e8mes sur lesquels les membres du laboratoire se &hellip; <a href=\"https:\/\/jfmaheux.uqam.ca\/leam\/2023\/11\/06\/invitation-a-deux-activites-au-leam\/\">Continuer la lecture <span class=\"meta-nav\">&rarr;<\/span><\/a><\/p>\n\t<\/div>\n\n\t<!--\tThis outputs the post META information -->\n\t<div class=\"entry-utility\">\n\t\t\t\t\t<span class=\"cat-links\">\n\t\t\t\t<span class=\"entry-utility-prep entry-utility-prep-cat-links\">Posted in<\/span> <a href=\"https:\/\/jfmaheux.uqam.ca\/leam\/category\/laune\/\" rel=\"category tag\">laune<\/a>\t\t\t<\/span>\n\t\t\t<span class=\"meta-sep\">|<\/span>\n\t\t\t\t\t\t\t<span class=\"tag-links\">\n\t\t\t\t<span class=\"entry-utility-prep entry-utility-prep-tag-links\">Tagged<\/span> <a href=\"https:\/\/jfmaheux.uqam.ca\/leam\/tag\/ongoing\/\" rel=\"tag\">ongoing<\/a>\t\t\t<\/span>\n\t\t\t<span class=\"meta-sep\">|<\/span>\n\t\t\t\t<span class=\"comments-link\">\n\t\t\t<span>Commentaires ferm\u00e9s<span class=\"screen-reader-text\"> sur Invitation \u00e0 deux activit\u00e9s au L\u00c9AM<\/span><\/span>\t\t<\/span>\n\t\t\t<\/div>\n<\/div>\n<!-- \/\/ Post Wrap End -->\n<\/td>\n<td style=\"border: 0px; padding-left: 20px;\">\n<h1>Nouvelles<\/h1>\n<p>\n<!-- NOTE: If you need to make changes to this file, copy it to your current theme's main\n\tdirectory so your changes won't be overwritten when the plugin is upgraded. -->\n\n<!-- Post Wrap Start-->\n<div class=\"post hentry ivycat-post\">\n\n\t<!-- \tThis outputs the post TITLE -->\n\t<h2 class=\"entry-title\"><a href=\"https:\/\/jfmaheux.uqam.ca\/leam\/2024\/01\/02\/janvier2024journeevulgarisation\/\">Janvier 2024: Journ\u00e9e de vulgarisation scientifique<\/a><\/h2>\n\n\t<!-- \tThis outputs the post EXCERPT.  To display full content including images and html,\n\t\treplace the_excerpt(); with the_content();  below. -->\n\t<div class=\"entry-summary\">\n\t\t<p>Le LEAM organise le 22 janvier 2024 une journ\u00e9e \u00ab synth\u00e8se \u00bb dans laquelle J\u00e9rome Proulx fera une pr\u00e9sentation vulgaris\u00e9e de ces travaux autour de la relation aire-p\u00e9rim\u00e8tre. La journ\u00e9e inclue des ateliers, des discussions et une conf\u00e9rence.<\/p>\n\t<\/div>\n\n\t<!--\tThis outputs the post META information -->\n\t<div class=\"entry-utility\">\n\t\t\t\t\t<span class=\"cat-links\">\n\t\t\t\t<span class=\"entry-utility-prep entry-utility-prep-cat-links\">Posted in<\/span> <a href=\"https:\/\/jfmaheux.uqam.ca\/leam\/category\/evenementleam\/\" rel=\"category tag\">evenementLEAM<\/a>, <a href=\"https:\/\/jfmaheux.uqam.ca\/leam\/category\/nouvelle\/\" rel=\"category tag\">nouvelle<\/a>\t\t\t<\/span>\n\t\t\t<span class=\"meta-sep\">|<\/span>\n\t\t\t\t\t\t\t<span class=\"tag-links\">\n\t\t\t\t<span class=\"entry-utility-prep entry-utility-prep-tag-links\">Tagged<\/span> <a href=\"https:\/\/jfmaheux.uqam.ca\/leam\/tag\/2024\/\" rel=\"tag\">2024<\/a>, <a href=\"https:\/\/jfmaheux.uqam.ca\/leam\/tag\/ongoing\/\" rel=\"tag\">ongoing<\/a>\t\t\t<\/span>\n\t\t\t<span class=\"meta-sep\">|<\/span>\n\t\t\t\t<span class=\"comments-link\">\n\t\t\t<span>Commentaires ferm\u00e9s<span class=\"screen-reader-text\"> sur Janvier 2024: Journ\u00e9e de vulgarisation scientifique<\/span><\/span>\t\t<\/span>\n\t\t\t<\/div>\n<\/div>\n<!-- \/\/ Post Wrap End -->\n\n<!-- NOTE: If you need to make changes to this file, copy it to your current theme's main\n\tdirectory so your changes won't be overwritten when the plugin is upgraded. -->\n\n<!-- Post Wrap Start-->\n<div class=\"post hentry ivycat-post\">\n\n\t<!-- \tThis outputs the post TITLE -->\n\t<h2 class=\"entry-title\"><a href=\"https:\/\/jfmaheux.uqam.ca\/leam\/2023\/11\/06\/decembre-2024-journee-ouverte-leam\/\">Decembre 2023: Journ\u00e9e ouverte L\u00c9AM<\/a><\/h2>\n\n\t<!-- \tThis outputs the post EXCERPT.  To display full content including images and html,\n\t\treplace the_excerpt(); with the_content();  below. -->\n\t<div class=\"entry-summary\">\n\t\t<p>Mettez le 15 d\u00e9cembre 2023 \u00e0 vos agendas!\u00a0Le LEAM organise \u00e0 l\u2019UQAM une journ\u00e9e \u00ab\u00a0recherche\u00a0\u00bb autour de questions sur lesquels nous travaillons en ce moment. Venez r\u00e9fl\u00e9chir et \u00e9changer avec nous! Bient\u00f4t disponible: le programme de la journ\u00e9e ainsi qu&rsquo;un &hellip; <a href=\"https:\/\/jfmaheux.uqam.ca\/leam\/2023\/11\/06\/decembre-2024-journee-ouverte-leam\/\">Continuer la lecture <span class=\"meta-nav\">&rarr;<\/span><\/a><\/p>\n\t<\/div>\n\n\t<!--\tThis outputs the post META information -->\n\t<div class=\"entry-utility\">\n\t\t\t\t\t<span class=\"cat-links\">\n\t\t\t\t<span class=\"entry-utility-prep entry-utility-prep-cat-links\">Posted in<\/span> <a href=\"https:\/\/jfmaheux.uqam.ca\/leam\/category\/nouvelle\/\" rel=\"category tag\">nouvelle<\/a>\t\t\t<\/span>\n\t\t\t<span class=\"meta-sep\">|<\/span>\n\t\t\t\t\t\t\t<span class=\"tag-links\">\n\t\t\t\t<span class=\"entry-utility-prep entry-utility-prep-tag-links\">Tagged<\/span> <a href=\"https:\/\/jfmaheux.uqam.ca\/leam\/tag\/ongoing\/\" rel=\"tag\">ongoing<\/a>\t\t\t<\/span>\n\t\t\t<span class=\"meta-sep\">|<\/span>\n\t\t\t\t<span class=\"comments-link\">\n\t\t\t<span>Commentaires ferm\u00e9s<span class=\"screen-reader-text\"> sur Decembre 2023: Journ\u00e9e ouverte L\u00c9AM<\/span><\/span>\t\t<\/span>\n\t\t\t<\/div>\n<\/div>\n<!-- \/\/ Post Wrap End -->\n<\/td>\n<\/tr>\n<\/tbody>\n<\/table>\n<p>&nbsp;<\/p>\n","protected":false},"excerpt":{"rendered":"<p>\u00c0 propos du LEAM Les travaux du Laboratoire \u00c9pist\u00e9mologie et Activit\u00e9 Math\u00e9matique sont tr\u00e8s divers et touchent plusieurs dimensions relatives \u00e0 l&rsquo;enseignement et l&rsquo;apprentissage des math\u00e9matiques. Toutefois, ce qui rend le Laboratoire \u00c9pist\u00e9mologie et Activit\u00e9 Math\u00e9matique unique n&rsquo;est pas la &hellip; <a href=\"https:\/\/jfmaheux.uqam.ca\/leam\/2023\/11\/06\/decembre-2024-journee-ouverte-leam\/\">Continuer la lecture <span class=\"meta-nav\">&rarr;<\/span><\/a><\/p>\n","protected":false},"author":1,"featured_media":0,"parent":0,"menu_order":0,"comment_status":"closed","ping_status":"closed","template":"","meta":{"_acf_changed":false,"footnotes":""},"class_list":["post-9","page","type-page","status-publish","hentry"],"acf":[],"_links":{"self":[{"href":"https:\/\/jfmaheux.uqam.ca\/leam\/wp-json\/wp\/v2\/pages\/9","targetHints":{"allow":["GET"]}}],"collection":[{"href":"https:\/\/jfmaheux.uqam.ca\/leam\/wp-json\/wp\/v2\/pages"}],"about":[{"href":"https:\/\/jfmaheux.uqam.ca\/leam\/wp-json\/wp\/v2\/types\/page"}],"author":[{"embeddable":true,"href":"https:\/\/jfmaheux.uqam.ca\/leam\/wp-json\/wp\/v2\/users\/1"}],"replies":[{"embeddable":true,"href":"https:\/\/jfmaheux.uqam.ca\/leam\/wp-json\/wp\/v2\/comments?post=9"}],"version-history":[{"count":71,"href":"https:\/\/jfmaheux.uqam.ca\/leam\/wp-json\/wp\/v2\/pages\/9\/revisions"}],"predecessor-version":[{"id":52099,"href":"https:\/\/jfmaheux.uqam.ca\/leam\/wp-json\/wp\/v2\/pages\/9\/revisions\/52099"}],"wp:attachment":[{"href":"https:\/\/jfmaheux.uqam.ca\/leam\/wp-json\/wp\/v2\/media?parent=9"}],"curies":[{"name":"wp","href":"https:\/\/api.w.org\/{rel}","templated":true}]}}